{"id":1952,"date":"2023-12-11T17:14:16","date_gmt":"2023-12-11T17:14:16","guid":{"rendered":"https:\/\/ayurveda-portugal.com\/?page_id=1952"},"modified":"2026-03-01T12:03:55","modified_gmt":"2026-03-01T12:03:55","slug":"post-covid-and-fatigue-syndrome-ayurvedic-treatment-programme","status":"publish","type":"page","link":"https:\/\/ayurveda-portugal.com\/de\/post-covid-and-fatigue-syndrome-ayurvedic-treatment-programme\/","title":{"rendered":"Post\/Long-Covid und Fatigue Syndrome \u2013 Ayurveda Behandlungsprogramm"},"content":{"rendered":"\n<p class=\"has-larger-font-size\">Unser ayurvedisches Behandlungsprogramm ist speziell f\u00fcr Menschen konzipiert, die unter unerkl\u00e4rlicher chronischer M\u00fcdigkeit und\/oder Muskelschmerzen leiden, sei es seit Monaten oder Jahren. Dar\u00fcber hinaus richtet sich das Gesundheitsprogramm an Menschen, die an einer Vielzahl von Symptomen nach einer COVID-Infektion und\/oder -Impfung leiden, darunter:<\/p>\n\n\n\n<ul class=\"wp-block-list\">\n<li class=\"has-larger-font-size\"><strong>M\u00fcdigkeit<\/strong>: Anhaltende Ersch\u00f6pfung und Schw\u00e4che.<\/li>\n\n\n\n<li class=\"has-larger-font-size\"><strong>Atembeschwerden<\/strong>: Schwierigkeiten beim Atmen und Kurzatmigkeit.<\/li>\n\n\n\n<li class=\"has-larger-font-size\"><strong>Kopfschmerzen<\/strong>: Andauernde oder wiederkehrende Kopfschmerzen.<\/li>\n\n\n\n<li class=\"has-larger-font-size\"><strong>Konzentrations- und Ged\u00e4chtnisprobleme<\/strong>: Auch bekannt als &#8220;Brain Fog&#8221;.<\/li>\n\n\n\n<li class=\"has-larger-font-size\"><strong>Gelenk- und Muskelschmerzen<\/strong>: Schmerzen in Muskeln und Gelenke<\/li>\n\n\n\n<li class=\"has-larger-font-size\"><strong>Schlafst\u00f6rungen<\/strong>: Probleme beim Ein- oder Durchschlafen.<\/li>\n\n\n\n<li class=\"has-larger-font-size\"><strong>Verlust von Geruchs- und Geschmackssinn<\/strong>: Anhaltende Ver\u00e4nderungen oder vollst\u00e4ndiger Verlust des Geruchs- und Geschmackssinns.<\/li>\n\n\n\n<li class=\"has-larger-font-size\"><strong>Magen-Darm-Beschwerden<\/strong>: Bauchschmerzen, \u00dcbelkeit, Durchfall.<\/li>\n\n\n\n<li class=\"has-larger-font-size\"><strong>Hautprobleme<\/strong>: Hautausschl\u00e4ge und andere dermatologische Beschwerden.<\/li>\n<\/ul>\n\n\n\n<figure class=\"wp-block-image size-large\"><img loading=\"lazy\" decoding=\"async\" width=\"1024\" height=\"661\" src=\"https:\/\/ayurveda-portugal.com\/wp-content\/uploads\/2023\/12\/woman-7185943_1920-1024x661.jpg\" alt=\"\" class=\"wp-image-1953\" srcset=\"https:\/\/ayurveda-portugal.com\/wp-content\/uploads\/2023\/12\/woman-7185943_1920-1024x661.jpg 1024w, https:\/\/ayurveda-portugal.com\/wp-content\/uploads\/2023\/12\/woman-7185943_1920-300x194.jpg 300w, https:\/\/ayurveda-portugal.com\/wp-content\/uploads\/2023\/12\/woman-7185943_1920-768x496.jpg 768w, https:\/\/ayurveda-portugal.com\/wp-content\/uploads\/2023\/12\/woman-7185943_1920-1536x992.jpg 1536w, https:\/\/ayurveda-portugal.com\/wp-content\/uploads\/2023\/12\/woman-7185943_1920-1140x736.jpg 1140w, https:\/\/ayurveda-portugal.com\/wp-content\/uploads\/2023\/12\/woman-7185943_1920-920x594.jpg 920w, https:\/\/ayurveda-portugal.com\/wp-content\/uploads\/2023\/12\/woman-7185943_1920-575x371.jpg 575w, https:\/\/ayurveda-portugal.com\/wp-content\/uploads\/2023\/12\/woman-7185943_1920-380x245.jpg 380w, https:\/\/ayurveda-portugal.com\/wp-content\/uploads\/2023\/12\/woman-7185943_1920.jpg 1920w\" sizes=\"auto, (max-width: 1024px) 100vw, 1024px\" \/><\/figure>\n\n\n\n<h3 class=\"wp-block-heading\">Es dreht sich dabei alles um Agni und Ama.<\/h3>\n\n\n\n<p class=\"has-larger-font-size\">Laut den ayurvedischen Lehren sind chronische Krankheiten immer auch auf eine Schw\u00e4che des \u201e<strong>Agni<\/strong>\u201c zur\u00fcckzuf\u00fchren, das unter anderem f\u00fcr eine gesunde Verdauung und einen funktionierenden Stoffwechsel verantwortlich ist. Ein schwaches Agni f\u00fchrt zu einem unzureichenden Stoffwechsel und zur Ansammlung von unverdauten Substanzen im K\u00f6rper, die als \u201e<strong>Ama<\/strong>\u201c bezeichnet werden. Ziel dieses Programms ist es, Agni zu st\u00e4rken, Ama zu beseitigen und die Organfunktionen nachhaltig zu verbessern.<\/p>\n\n\n\n<h3 class=\"wp-block-heading\">Unser Programm<\/h3>\n\n\n\n<p class=\"has-larger-font-size\">Unser 14 Tages-Programm umfasst:<\/p>\n\n\n\n<ul class=\"wp-block-list\">\n<li class=\"has-larger-font-size\"><strong>Medizinische Stimulierung von Agni mit Pippali (Langem Pfeffer).<\/strong><\/li>\n\n\n\n<li class=\"has-larger-font-size\"><strong>10 K\u00f6rperreinigungen<\/strong> mit entgiftendem Fl\u00fcssigkeitsguss und einer einleitenden Ganzk\u00f6rpermassage, genannt <em>Dhanyamla Dhara<\/em> (Dauer: ca. 90 Minuten).<\/li>\n\n\n\n<li class=\"has-larger-font-size\"><strong>4 Stirng\u00fcsse zur Reinigung<\/strong>, entweder mit \u00d6l oder Buttermilch, genannt <em>Shiro Takra<\/em> oder <em>Thaila Dhara<\/em> (Dauer: ca. 60 Minuten).<\/li>\n\n\n\n<li class=\"has-larger-font-size\"><strong>Agni-freundliche und belebende ayurvedische Ern\u00e4hrung.<\/strong><\/li>\n\n\n\n<li class=\"has-larger-font-size\"><strong>Komplement\u00e4re ayurvedische Medikamente<\/strong>, individuell abgestimmt auf ihr spezifisches Symptombild.<\/li>\n<\/ul>\n\n\n\n<p class=\"has-larger-font-size\">Zus\u00e4tzliche Behandlungen k\u00f6nnen hinzugef\u00fcgt werden, wie <strong>Abhyanga<\/strong> (klassische ayurvedische Ganzk\u00f6rpermassage), <strong>Netra Vasti<\/strong> (ayurvedisches Augenbad) und <strong>Karana Puruna<\/strong> (ayurvedisches Ohrenbad).<\/p>\n\n\n\n<p class=\"has-larger-font-size\">Unser <strong>ambulantes Programm<\/strong> erm\u00f6glicht es Ihnen, unsere Klinik t\u00e4glich zu besuchen. Die Behandlungen finden in der Regel am Vormittag statt. Ein Mittagessen sowie ein leichtes Abendessen werden ebenfalls bereitgestellt.<\/p>\n\n\n\n<p class=\"has-larger-font-size\">Dieses Programm wird parallel zu den <strong>Pancha-Karma-Retreats<\/strong> angeboten. F\u00fcr verf\u00fcgbare <strong>Termine<\/strong>, Preise und weitere <strong>Informationen <\/strong>klicken Sie bitte <strong><a href=\"https:\/\/ayurveda-portugal.com\/panchakarma-retreats\/\">hie<\/a>r<\/strong>. Sie k\u00f6nnen sich aber auch jederzeit direkt an uns wenden unter: info@ayurveda-portugal.com oder Telefon +49 1726701899 (auch whats app) oder +351 924344441 (auch Telegram). In jedem Fall erfolgt im Vorfeld eine telefonische Erhebung Ihres gesundheitlichen Zustandes sowie Ihrer Krankengeschichte durch einen approbierten Arzt. In diesem Gespr\u00e4ch werden auch die Erfolgsaussichten der Behandlung erl\u00e4utert.<\/p>\n\n\n\n<h3 class=\"wp-block-heading\"><\/h3>\n\n\n\n<p><\/p>\n","protected":false},"excerpt":{"rendered":"<p>Unser ayurvedisches Behandlungsprogramm ist speziell f\u00fcr Menschen konzipiert, die unter unerkl\u00e4rlicher chronischer M\u00fcdigkeit und\/oder Muskelschmerzen leiden, sei es seit Monaten oder Jahren. Dar\u00fcber hinaus richtet sich das Gesundheitsprogramm an Menschen, [&hellip;]<\/p>\n","protected":false},"author":1,"featured_media":0,"parent":0,"menu_order":0,"comment_status":"closed","ping_status":"closed","template":"","meta":{"footnotes":""},"class_list":["post-1952","page","type-page","status-publish","hentry"],"translation":{"provider":"WPGlobus","version":"3.0.2","language":"de","enabled_languages":["en","pt","de"],"languages":{"en":{"title":true,"content":true,"excerpt":false},"pt":{"title":false,"content":false,"excerpt":false},"de":{"title":true,"content":true,"excerpt":false}}},"_links":{"self":[{"href":"https:\/\/ayurveda-portugal.com\/de\/wp-json\/wp\/v2\/pages\/1952","targetHints":{"allow":["GET"]}}],"collection":[{"href":"https:\/\/ayurveda-portugal.com\/de\/wp-json\/wp\/v2\/pages"}],"about":[{"href":"https:\/\/ayurveda-portugal.com\/de\/wp-json\/wp\/v2\/types\/page"}],"author":[{"embeddable":true,"href":"https:\/\/ayurveda-portugal.com\/de\/wp-json\/wp\/v2\/users\/1"}],"replies":[{"embeddable":true,"href":"https:\/\/ayurveda-portugal.com\/de\/wp-json\/wp\/v2\/comments?post=1952"}],"version-history":[{"count":22,"href":"https:\/\/ayurveda-portugal.com\/de\/wp-json\/wp\/v2\/pages\/1952\/revisions"}],"predecessor-version":[{"id":2237,"href":"https:\/\/ayurveda-portugal.com\/de\/wp-json\/wp\/v2\/pages\/1952\/revisions\/2237"}],"wp:attachment":[{"href":"https:\/\/ayurveda-portugal.com\/de\/wp-json\/wp\/v2\/media?parent=1952"}],"curies":[{"name":"wp","href":"https:\/\/api.w.org\/{rel}","templated":true}]}}