{"id":2146,"date":"2024-09-30T16:15:04","date_gmt":"2024-09-30T16:15:04","guid":{"rendered":"https:\/\/ayurveda-portugal.com\/?page_id=2146"},"modified":"2024-09-30T16:22:46","modified_gmt":"2024-09-30T16:22:46","slug":"download-bereich-2","status":"publish","type":"page","link":"https:\/\/ayurveda-portugal.com\/de\/download-bereich-2\/","title":{"rendered":"Download-Bereich"},"content":{"rendered":"\n<p class=\"has-large-font-size\" style=\"font-style:normal;font-weight:600\">Hier stelle ich Informationen \u00fcber den Ayurveda oder andere Gesundheitsthemen zur Verf\u00fcgung. <br>Die Informationen k\u00f6nnen Fehler enthalten. Sie k\u00f6nnen ferner keine \u00e4rztliche Konsultation ersetzen. <\/p>\n\n\n\n<div data-wp-interactive=\"core\/file\" class=\"wp-block-file\" style=\"margin-top:var(--wp--preset--spacing--20);margin-right:0;margin-bottom:var(--wp--preset--spacing--20);margin-left:0\"><object data-wp-bind--hidden=\"!state.hasPdfPreview\" hidden class=\"wp-block-file__embed\" data=\"https:\/\/ayurveda-portugal.com\/wp-content\/uploads\/2024\/09\/Ayurveda-Einfuehrung-in-uraltes-Heilungs-und-GEsundheitssystem.pdf\" type=\"application\/pdf\" style=\"width:100%;height:336px\" aria-label=\"Einbettung von Ayurveda - Einf\u00fchrung in uraltes Heilungs und Gesundheitssystem.\"><\/object><a id=\"wp-block-file--media-b73d9d25-be61-429e-9e96-0e3baffa7d20\" href=\"https:\/\/ayurveda-portugal.com\/wp-content\/uploads\/2024\/09\/Ayurveda-Einfuehrung-in-uraltes-Heilungs-und-GEsundheitssystem.pdf\" target=\"_blank\" rel=\"noreferrer noopener\">Ayurveda &#8211; Einf\u00fchrung in uraltes Heilungs und Gesundheitssystem<\/a><a href=\"https:\/\/ayurveda-portugal.com\/wp-content\/uploads\/2024\/09\/Ayurveda-Einfuehrung-in-uraltes-Heilungs-und-GEsundheitssystem.pdf\" class=\"wp-block-file__button wp-element-button\" download aria-describedby=\"wp-block-file--media-b73d9d25-be61-429e-9e96-0e3baffa7d20\">Herunterladen<\/a><\/div>\n\n\n\n<p><\/p>\n","protected":false},"excerpt":{"rendered":"<p>Hier stelle ich Informationen \u00fcber den Ayurveda oder andere Gesundheitsthemen zur Verf\u00fcgung. Die Informationen k\u00f6nnen Fehler enthalten. Sie k\u00f6nnen ferner keine \u00e4rztliche Konsultation ersetzen.<\/p>\n","protected":false},"author":1,"featured_media":0,"parent":0,"menu_order":0,"comment_status":"closed","ping_status":"closed","template":"","meta":{"footnotes":""},"class_list":["post-2146","page","type-page","status-publish","hentry"],"translation":{"provider":"WPGlobus","version":"3.0.2","language":"de","enabled_languages":["en","pt","de"],"languages":{"en":{"title":true,"content":true,"excerpt":false},"pt":{"title":false,"content":false,"excerpt":false},"de":{"title":true,"content":true,"excerpt":false}}},"_links":{"self":[{"href":"https:\/\/ayurveda-portugal.com\/de\/wp-json\/wp\/v2\/pages\/2146","targetHints":{"allow":["GET"]}}],"collection":[{"href":"https:\/\/ayurveda-portugal.com\/de\/wp-json\/wp\/v2\/pages"}],"about":[{"href":"https:\/\/ayurveda-portugal.com\/de\/wp-json\/wp\/v2\/types\/page"}],"author":[{"embeddable":true,"href":"https:\/\/ayurveda-portugal.com\/de\/wp-json\/wp\/v2\/users\/1"}],"replies":[{"embeddable":true,"href":"https:\/\/ayurveda-portugal.com\/de\/wp-json\/wp\/v2\/comments?post=2146"}],"version-history":[{"count":4,"href":"https:\/\/ayurveda-portugal.com\/de\/wp-json\/wp\/v2\/pages\/2146\/revisions"}],"predecessor-version":[{"id":2169,"href":"https:\/\/ayurveda-portugal.com\/de\/wp-json\/wp\/v2\/pages\/2146\/revisions\/2169"}],"wp:attachment":[{"href":"https:\/\/ayurveda-portugal.com\/de\/wp-json\/wp\/v2\/media?parent=2146"}],"curies":[{"name":"wp","href":"https:\/\/api.w.org\/{rel}","templated":true}]}}