{"id":2394,"date":"2025-02-19T13:33:54","date_gmt":"2025-02-19T13:33:54","guid":{"rendered":"https:\/\/ayurveda-portugal.com\/?page_id=2394"},"modified":"2026-03-31T16:28:25","modified_gmt":"2026-03-31T16:28:25","slug":"2394-2","status":"publish","type":"page","link":"https:\/\/ayurveda-portugal.com\/de\/2394-2\/","title":{"rendered":"Ayurveda Panchakarma-Retreat und Therapieprogramme (14 bzw. 21 Tage)"},"content":{"rendered":"\n<div class=\"wp-block-media-text alignfull is-stacked-on-mobile is-vertically-aligned-top is-image-fill-element\" style=\"margin-top:var(--wp--preset--spacing--20);margin-bottom:var(--wp--preset--spacing--20);grid-template-columns:41% auto\"><figure class=\"wp-block-media-text__media\"><img loading=\"lazy\" decoding=\"async\" width=\"500\" height=\"500\" src=\"https:\/\/ayurveda-portugal.com\/wp-content\/uploads\/2025\/02\/Ayurvedic-Retreats.png\" alt=\"\" class=\"wp-image-2349 size-full\" style=\"object-position:51% 50%\" srcset=\"https:\/\/ayurveda-portugal.com\/wp-content\/uploads\/2025\/02\/Ayurvedic-Retreats.png 500w, https:\/\/ayurveda-portugal.com\/wp-content\/uploads\/2025\/02\/Ayurvedic-Retreats-300x300.png 300w, https:\/\/ayurveda-portugal.com\/wp-content\/uploads\/2025\/02\/Ayurvedic-Retreats-150x150.png 150w, https:\/\/ayurveda-portugal.com\/wp-content\/uploads\/2025\/02\/Ayurvedic-Retreats-380x380.png 380w\" sizes=\"auto, (max-width: 500px) 100vw, 500px\" \/><\/figure><div class=\"wp-block-media-text__content\">\n<p class=\"has-background has-extra-large-font-size\" style=\"background-color:#b4d881\"><strong>Panchakarma<\/strong><br>Die <strong>Pancha-Karma Reinigungskur<\/strong> im Ayurveda ist mehr als nur eine Abfolge von Anwendungen\u2013 sie ist eine heilende Reise, die darauf abzielt, K\u00f6rper und Geist von Grund auf zu reinigen. Der Begriff \u201ePancha-Karma\u201c leitet sich von den f\u00fcnf gro\u00dfen Anwendungen ab (pancha = f\u00fcnf, karma = Handlung, Tat, Werk), die in Verbindung mit kleinen vorbereitenden Ma\u00dfnahmen (purva-karma) genutzt werden. Ziel ist es, nicht nur den K\u00f6rper zu reinigen, sondern auch das innere Gleichgewicht wiederherzustellen<a href=\"https:\/\/ayurveda-portugal.com\/ablauf-panchakarma-kur\/\" target=\"_blank\" rel=\"noreferrer noopener\">&#8230;<\/a><\/p>\n<\/div><\/div>\n\n\n\n<div class=\"wp-block-media-text alignfull is-stacked-on-mobile is-vertically-aligned-top is-image-fill-element\" style=\"grid-template-columns:41% auto\"><figure class=\"wp-block-media-text__media\"><img loading=\"lazy\" decoding=\"async\" width=\"683\" height=\"1024\" src=\"https:\/\/ayurveda-portugal.com\/wp-content\/uploads\/2025\/02\/IMG_1638-683x1024.jpg\" alt=\"\" class=\"wp-image-2328 size-full\" style=\"object-position:49% 43%\" srcset=\"https:\/\/ayurveda-portugal.com\/wp-content\/uploads\/2025\/02\/IMG_1638-683x1024.jpg 683w, https:\/\/ayurveda-portugal.com\/wp-content\/uploads\/2025\/02\/IMG_1638-200x300.jpg 200w, https:\/\/ayurveda-portugal.com\/wp-content\/uploads\/2025\/02\/IMG_1638-768x1152.jpg 768w, https:\/\/ayurveda-portugal.com\/wp-content\/uploads\/2025\/02\/IMG_1638-1024x1536.jpg 1024w, https:\/\/ayurveda-portugal.com\/wp-content\/uploads\/2025\/02\/IMG_1638-920x1380.jpg 920w, https:\/\/ayurveda-portugal.com\/wp-content\/uploads\/2025\/02\/IMG_1638-575x862.jpg 575w, https:\/\/ayurveda-portugal.com\/wp-content\/uploads\/2025\/02\/IMG_1638-380x570.jpg 380w, https:\/\/ayurveda-portugal.com\/wp-content\/uploads\/2025\/02\/IMG_1638.jpg 1067w\" sizes=\"auto, (max-width: 683px) 100vw, 683px\" \/><\/figure><div class=\"wp-block-media-text__content\">\n<p class=\"has-background has-extra-large-font-size\" style=\"background-color:#b4d881\"><strong>Ayurveda-Therapie-Programme<\/strong><br>Patienten, die keine klassiche Panchakarmakur machen m\u00f6chten, oder Patienten, mit schwereren chronischen Erkrankungen, f\u00fcr die eine Panchakarma-Kur nicht empfohlen wird, bieten wir ein indivualisiertes Therapieprogramm an. Die jeweiligen Anwendungen und die entsprechenden Kosten hierf\u00fcr werden in einem ausf\u00fchrlichen Anamnesegespr\u00e4ch zuvor (online) festgelegt <a href=\"https:\/\/ayurveda-portugal.com\/ayurveda-therapieprogramme\/\" target=\"_blank\" rel=\"noreferrer noopener\">&#8230;<\/a><\/p>\n<\/div><\/div>\n\n\n\n<p><\/p>\n","protected":false},"excerpt":{"rendered":"<p>PanchakarmaDie Pancha-Karma Reinigungskur im Ayurveda ist mehr als nur eine Abfolge von Anwendungen\u2013 sie ist eine heilende Reise, die darauf abzielt, K\u00f6rper und Geist von Grund auf zu reinigen. Der [&hellip;]<\/p>\n","protected":false},"author":1,"featured_media":0,"parent":0,"menu_order":0,"comment_status":"closed","ping_status":"closed","template":"","meta":{"footnotes":""},"class_list":["post-2394","page","type-page","status-publish","hentry"],"translation":{"provider":"WPGlobus","version":"3.0.2","language":"de","enabled_languages":["en","pt","de"],"languages":{"en":{"title":true,"content":true,"excerpt":false},"pt":{"title":true,"content":true,"excerpt":false},"de":{"title":true,"content":true,"excerpt":false}}},"_links":{"self":[{"href":"https:\/\/ayurveda-portugal.com\/de\/wp-json\/wp\/v2\/pages\/2394","targetHints":{"allow":["GET"]}}],"collection":[{"href":"https:\/\/ayurveda-portugal.com\/de\/wp-json\/wp\/v2\/pages"}],"about":[{"href":"https:\/\/ayurveda-portugal.com\/de\/wp-json\/wp\/v2\/types\/page"}],"author":[{"embeddable":true,"href":"https:\/\/ayurveda-portugal.com\/de\/wp-json\/wp\/v2\/users\/1"}],"replies":[{"embeddable":true,"href":"https:\/\/ayurveda-portugal.com\/de\/wp-json\/wp\/v2\/comments?post=2394"}],"version-history":[{"count":47,"href":"https:\/\/ayurveda-portugal.com\/de\/wp-json\/wp\/v2\/pages\/2394\/revisions"}],"predecessor-version":[{"id":3260,"href":"https:\/\/ayurveda-portugal.com\/de\/wp-json\/wp\/v2\/pages\/2394\/revisions\/3260"}],"wp:attachment":[{"href":"https:\/\/ayurveda-portugal.com\/de\/wp-json\/wp\/v2\/media?parent=2394"}],"curies":[{"name":"wp","href":"https:\/\/api.w.org\/{rel}","templated":true}]}}