{"id":2647,"date":"2025-02-24T16:56:57","date_gmt":"2025-02-24T16:56:57","guid":{"rendered":"https:\/\/ayurveda-portugal.com\/?page_id=2647"},"modified":"2026-04-01T16:15:47","modified_gmt":"2026-04-01T16:15:47","slug":"ayurveda-therapieprogramme","status":"publish","type":"page","link":"https:\/\/ayurveda-portugal.com\/de\/ayurveda-therapieprogramme\/","title":{"rendered":"Ayurveda Therapieprogramme"},"content":{"rendered":"\n<p class=\"has-larger-font-size\">Ayurveda ist ein traditionelles indisches Heilsystem, das auf die Balance zwischen K\u00f6rper, Geist und Seele abzielt. Die Ayurveda-Therapieprogramme im Ayurveda-Zentrum Monte-da-Bela-Vista sind auf die individuelle Symptom bzw. Krankheitsbilder (Vikriti) und auf die Konstitution (Prakriti) eines Menschen abgestimmt. Sie beruhen auf der Annahme, dass gesundheitliche und emotionale\/psychische Probleme durch Ungleichgewichte in den sogenannten \u201edoshas\u201c entstehen.<\/p>\n\n\n\n<p class=\"has-larger-font-size\"><strong>Das Ayurveda-Therapieprogramm umfasst mehrere Elemente:<\/strong><\/p>\n\n\n\n<ol class=\"wp-block-list\">\n<li class=\"has-larger-font-size\"><strong>Ern\u00e4hrung<\/strong>: W\u00e4hrend der Therapie genie\u00dfen Sie Mahlzeiten, die harmonisch auf Ihre dosha Situation abgestimmt ist. Im Ayurveda wird empfohlen, dass jede Mahlzeit alle sechs Geschmacksrichtungen \u2013 s\u00fc\u00df, sauer, salzig, scharf, bitter und adstringierend \u2013 umfasst. Die einzelnen Komponenten werden gezielt auf Ihre pers\u00f6nlichen Bed\u00fcrfnisse abgestimmt. Bestimmte Lebensmittel, Gew\u00fcrze und Kr\u00e4uter werden je nach K\u00f6rperzustand bevorzugt oder vermieden. In einem begleitenden Ern\u00e4hrungsworkshop lernen Sie zudem, wie Sie auch zu Hause ausgewogen und einfach kochen k\u00f6nnen \u2013 versprochen!<\/li>\n\n\n\n<li class=\"has-larger-font-size\"><strong>K\u00f6rperbehandlungen und Massagen<\/strong>: Die bekannteste Anwendung der Ayurveda-Therapie im Westen ist die Ganzk\u00f6rper-\u00d6lmassage (Abhyanga), bei der heilende Pflanzen\u00f6le, meist auf Basis von Sesam- oder Kokos\u00f6l, zum Einsatz kommen. Dar\u00fcber hinaus gibt es jedoch zahlreiche weitere Verfahren, die je nach Symptom oder Krankheitsbild individuell angepasst und w\u00e4hrend der Therapie angewendet werden. Eine \u00dcbersicht dieser Verfahren finden Sie hier.<\/li>\n\n\n\n<li class=\"has-larger-font-size\"><strong>Ayurvedische Medikation\/Kr\u00e4uterbehandlungen<\/strong>: Der Ayurveda verwendet eine gro\u00dfe Vielfalt von Heilpflanzen, die entweder als sog. Aufg\u00fcsse oder Tees, Abkochungen (kwatham), Tabletten, Fermentierungen (arishta), mediziniertem Ghee oder in Form von Pulvern (churna) eingenommen werden. Die Zusammenstellung der Medikation erfolgt indivduell abgestimmt auf Ihr Symptom-bzw. Krankheitsbild<\/li>\n\n\n\n<li class=\"has-larger-font-size\"><strong>Meditation und Yoga<\/strong>: Mentale und emotionale Ausgeglichenheit ist ein wesentlicher Bestandteil der Ayurveda-Therapie. Meditation, Atem\u00fcbungen (Pranayama) und Yoga helfen, den Geist zu beruhigen, Stress abzubauen und die innere Balance zu f\u00f6rdern. <\/li>\n\n\n\n<li class=\"has-larger-font-size\"><strong>Lebensstil-Anpassungen<\/strong>: Neben der Ern\u00e4hrung (Ahara) sind ein f\u00f6rderlicher Lebensstil und passende Lebensumst\u00e4nde entscheidende Bestandteile einer Ayurveda-Therapie sowie der Krankheitspr\u00e4vention. Schlafgewohnheiten, Stressmanagement und Aktivit\u00e4ten, die das allgemeine Wohlbefinden und die Abwehrkr\u00e4fte st\u00e4rken, spielen dabei eine zentrale Rolle. W\u00e4hrend der Kur gehen wir ausf\u00fchrlich auf diese Faktoren ein und zeigen Ihnen, wie Sie auf einfache Weise einen gesundheitsf\u00f6rdernden Lebensstil entwickeln k\u00f6nnen. Bereits kleine Ver\u00e4nderungen k\u00f6nnen dabei eine gro\u00dfe Wirkung erzielen. Lassen Sie sich \u00fcberraschen!<\/li>\n<\/ol>\n\n\n\n<p class=\"has-larger-font-size\"><strong>Das Ayurveda Therapieprogramm im \u00dcberblick<\/strong><\/p>\n\n\n\n<figure class=\"wp-block-table is-style-regular has-larger-font-size\" style=\"font-style:normal;font-weight:700\"><table class=\"has-color-6-color has-text-color has-background has-link-color\" style=\"background-color:#b4d881;border-width:8px\"><tbody><tr><td>Dauer<\/td><td>14 <strong>Tage<\/strong><\/td><\/tr><tr><td>F\u00fcr wen?<\/td><td>Die Ayurveda Therapieprogramme sind f\u00fcr Menschen vorgesehen, die an langanhaltenden Symptomen bzw. chronischen Erkrankungen leiden, hierzu z\u00e4hlen insbesondere, aber nicht aussschliesslich, entz\u00fcndliche Erkrankungen des Bewegungsapparates (auch Fibromyalgie), entz\u00fcndliche Darmerkrankungen, neurologische Erkrankungen, Bluthochdruck, allergische Atemwegs-und\/oder Hauterkrankungen sowie das Long-bzw. Post-Covid-Syndrom<\/td><\/tr><tr><td>Ort<\/td><td><a href=\"https:\/\/maps.app.goo.gl\/rAYizh7pXVNUDXFR8\" target=\"_blank\" rel=\"noreferrer noopener nofollow\">Cercal do Alentejo, Costa Alentejana, Portugal<\/a><\/td><\/tr><tr><td>Anreise<\/td><td>Cercal befindet sich etwa 2 Autostunden s\u00fcdlich von Lissabon bzw. n\u00f6rdlich von Faro. Von Lissabon gibt es mehrmals t\u00e4glich <a href=\"https:\/\/rede-expressos.pt\/en\" target=\"_blank\" rel=\"noreferrer noopener nofollow\">Busverbindungen <\/a>nach Cercal oder ins nahe gelegene Porto Covo. Von Faro gibt es eine Zugverbindung nach Funcheiras (ca. 40km von Cercal entfernt). Von dort k\u00f6nnen wir eine Abholung organisieren. <\/td><\/tr><tr><td>Programm<\/td><td>Die Behandlungen finden im Ayurveda-Therapiezentrum Monte-da-Bela-Vista statt. Die jeweiligen Behandlungen werden im einer \u00e4rztlichen Online-Vorab-Konsultation besprochen und festgelegt. Darauf basierend erhalten Sie ein detailiertes schriftliches Angebot.<\/td><\/tr><tr><td>Mahlzeiten<\/td><td>In der Kur sind 2 ayurvedische Mahlzeiten (Mittag und Abendessen) inbegriffen. Ein leichtes Fr\u00fchst\u00fcck bereiten Sie sich nach unserer Anleitung selber zu. Wir stellen die Lebensmittel entsprechend zu Verf\u00fcgung. Diese sind im Preis inbegriffen.<\/td><\/tr><tr><td>Unterkunft<\/td><td>Das Ayurveda Monte-da-Bela-Vista ist ein reines Therapiezentrum in dem Sie Ihre Behandlungen und die Hauptmahlzeiten geniessen. Die Unterkunft erfolgt im <a href=\"https:\/\/www.google.com\/maps\/dir\/Ayurveda+Portugal+Monte+da+Bela+Vista,+Monte+Bela+Vista\/Ares+do+Monte+Turismo+Rural,+Boavista,+7555-019\/@37.8073451,-8.6937047,16z\/data=!4m13!4m12!1m5!1m1!1s0xd1ba5b7ce697d1f:0xe90b59903598dc43!2m2!1d-8.6889484!2d37.8046412!1m5!1m1!1s0xd1ba5919f3c2267:0xcc883611db0d6c7!2m2!1d-8.6875822!2d37.8091241?entry=ttu&amp;g_ep=EgoyMDI1MDIxOS4xIKXMDSoASAFQAw%3D%3D\" target=\"_blank\" rel=\"noreferrer noopener nofollow\">Turismo Rural Ares do Monte<\/a>, das in 10 Minuten zu Fuss zu erreichen ist.<\/td><\/tr><tr><td>Kosten<\/td><td>Die Kosten f\u00fcr die !4 t\u00e4gigen Programme sind abh\u00e4ngig von der individuellen Ausgestaltung, liegen aber zwischen 2.900, -\u20ac und 3.600, -\u20ac\/Person im Einzelzimmer, bzw. 2.600, -\u20ac und 3.300, -\u20ac\/Person im zu zweit genutzten Doppelzimmer , inklusive der Mahlzeiten (wie aufgef\u00fchrt). Weitere Informationen entnehmen Sie bitte dem Punkt &#8220;Kosten&#8221; am Ende der Seite.<\/td><\/tr><\/tbody><\/table><\/figure>\n\n\n\n<div style=\"height:71px\" aria-hidden=\"true\" class=\"wp-block-spacer\"><\/div>\n\n\n\n<div class=\"wp-block-cover is-light is-repeated has-color-6-color has-text-color has-link-color wp-elements-0e8b7c207b6bab37f3661a10d67d4a5d\" style=\"margin-top:var(--wp--preset--spacing--20);margin-bottom:var(--wp--preset--spacing--20)\"><div class=\"wp-block-cover__image-background wp-image-2498 is-repeated\" style=\"background-position:33% 51%;background-image:url(https:\/\/ayurveda-portugal.com\/wp-content\/uploads\/2025\/02\/53dc665856d9.jpg)\"><\/div><span aria-hidden=\"true\" class=\"wp-block-cover__background has-background-dim-30 has-background-dim\" style=\"background-color:#8b96a8\"><\/span><div class=\"wp-block-cover__inner-container is-layout-constrained wp-block-cover-is-layout-constrained\">\n<p class=\"has-text-align-center has-color-6-color has-text-color has-link-color has-huge-font-size wp-elements-c282159e67331935a1a82dc3598325fd\" style=\"font-style:normal;font-weight:800\"><a href=\"https:\/\/ayurveda-portugal.com\/unterkunft\/\" target=\"_blank\" rel=\"noreferrer noopener\">Ihre Unterkunft<\/a><\/p>\n<\/div><\/div>\n\n\n\n<p class=\"has-larger-font-size\"><\/p>\n\n\n\n<div style=\"height:71px\" aria-hidden=\"true\" class=\"wp-block-spacer\"><\/div>\n\n\n\n<p class=\"has-larger-font-size\"><strong>Kosten<\/strong><br>Die Kosten f\u00fcr ein 14-t\u00e4giges Ayurveda-Therapie-Programm betragen je nach vereinbartem Programm im Einzelzimmer pro Person (<strong>von Oktober bis April<\/strong>) zwischen <strong>2.900\u20ac und 3.600\u20ac\/Person<\/strong> im Einzelzimmer bzw. zwischen <strong>2.600\u20ac und 3.300\u20ac<\/strong>\/Person (<strong>von Oktober bis April<\/strong>) in einem gemeinsam genutzten Doppelzimmer. Gerne stellen wir f\u00fcr Sie in Absprache mit Ihnen ein passendes Therapieangebot zusammen. F\u00fcr weitere Informationen oder die Buchung nehmen Sie bitte Kontakt mit uns auf: per e-mail: info@ayurveda-portugal.com oder aber telefonisch: +49 1726701899 (auch WhatsAp) oder +351 924344441 (auch Telegram).<\/p>\n\n\n\n<div class=\"wp-block-buttons is-layout-flex wp-block-buttons-is-layout-flex\">\n<div class=\"wp-block-button is-style-outline is-style-outline--1\"><a class=\"wp-block-button__link has-background has-extra-large-font-size has-custom-font-size wp-element-button\" href=\"https:\/\/ayurveda-portugal.com\/terminuebersicht-2025-2026\/\" style=\"border-style:none;border-width:0px;border-radius:67px;background-color:#b4d881;font-style:normal;font-weight:800;text-transform:none\" target=\"_blank\" rel=\"noreferrer noopener\">Termine 2025\/2026<\/a><\/div>\n<\/div>\n","protected":false},"excerpt":{"rendered":"<p>Ayurveda ist ein traditionelles indisches Heilsystem, das auf die Balance zwischen K\u00f6rper, Geist und Seele abzielt. Die Ayurveda-Therapieprogramme im Ayurveda-Zentrum Monte-da-Bela-Vista sind auf die individuelle Symptom bzw. Krankheitsbilder (Vikriti) und [&hellip;]<\/p>\n","protected":false},"author":1,"featured_media":0,"parent":0,"menu_order":0,"comment_status":"closed","ping_status":"closed","template":"","meta":{"footnotes":""},"class_list":["post-2647","page","type-page","status-publish","hentry"],"translation":{"provider":"WPGlobus","version":"3.0.2","language":"de","enabled_languages":["en","pt","de"],"languages":{"en":{"title":true,"content":true,"excerpt":false},"pt":{"title":true,"content":true,"excerpt":false},"de":{"title":true,"content":true,"excerpt":false}}},"_links":{"self":[{"href":"https:\/\/ayurveda-portugal.com\/de\/wp-json\/wp\/v2\/pages\/2647","targetHints":{"allow":["GET"]}}],"collection":[{"href":"https:\/\/ayurveda-portugal.com\/de\/wp-json\/wp\/v2\/pages"}],"about":[{"href":"https:\/\/ayurveda-portugal.com\/de\/wp-json\/wp\/v2\/types\/page"}],"author":[{"embeddable":true,"href":"https:\/\/ayurveda-portugal.com\/de\/wp-json\/wp\/v2\/users\/1"}],"replies":[{"embeddable":true,"href":"https:\/\/ayurveda-portugal.com\/de\/wp-json\/wp\/v2\/comments?post=2647"}],"version-history":[{"count":35,"href":"https:\/\/ayurveda-portugal.com\/de\/wp-json\/wp\/v2\/pages\/2647\/revisions"}],"predecessor-version":[{"id":3280,"href":"https:\/\/ayurveda-portugal.com\/de\/wp-json\/wp\/v2\/pages\/2647\/revisions\/3280"}],"wp:attachment":[{"href":"https:\/\/ayurveda-portugal.com\/de\/wp-json\/wp\/v2\/media?parent=2647"}],"curies":[{"name":"wp","href":"https:\/\/api.w.org\/{rel}","templated":true}]}}