{"id":362,"date":"2021-08-17T17:03:43","date_gmt":"2021-08-17T17:03:43","guid":{"rendered":"https:\/\/demo.athemes.com\/botiga\/?page_id=362"},"modified":"2026-03-30T15:21:38","modified_gmt":"2026-03-30T15:21:38","slug":"home-2","status":"publish","type":"page","link":"https:\/\/ayurveda-portugal.com\/de\/","title":{"rendered":"Ayurveda im Alentejo \/ Portugal"},"content":{"rendered":"\n<div class=\"wp-block-columns is-layout-flex wp-container-core-columns-is-layout-28f84493 wp-block-columns-is-layout-flex\">\n<div class=\"wp-block-column is-layout-flow wp-block-column-is-layout-flow\" style=\"flex-basis:100%\">\n<p><\/p>\n\n\n\n<div class=\"wp-block-columns is-layout-flex wp-container-core-columns-is-layout-28f84493 wp-block-columns-is-layout-flex\">\n<div class=\"wp-block-column is-layout-flow wp-block-column-is-layout-flow\">\n<p class=\"has-drop-cap has-larger-font-size\">Der Ayurveda ist wahrscheinlich das \u00e4lteste traditionelle Heilverfahren der Welt. Mit seinen Schriften, die \u00fcber 2000 Jahre alt sind, verf\u00fcgt der Ayurveda \u00fcber eine unvergleichbar pr\u00e4zise dokumentierte Wissensbasis, die seit tausenden Jahren zun\u00e4chst m\u00fcndlich (in Reimform) von Generation zu Generation und dann auch schriftlich \u00fcberliefert wurde. Obwohl das System in Indien seinen Ursprung hat, l\u00e4sst sich das ayurvedische Heilsystem aufgrund seiner allgemeing\u00fcltigen Prinzipien auf die Umwelt- und Lebensbedingungen aller Kulturen \u00fcbertragen. Durch die \u00d6ffnung des Ayurveda, wie er in Indien heute gelehrt und praktiziert wird, tr\u00e4gt er diesem Anspruch Rechnung. Die Grundelemente des Ayurveda bestehen in der Einheit von K\u00f6rper, Geist, Seele und den Sinnen, der Elementlehre, der Einheit aus Mikro- und Makrokosmos sowie aus dem Zusammenspiel der Funktionsenergien vata, pitta und kapha, deren harmonische Ausgeglichenheit die Basis f\u00fcr Gesundheit und Wohlbefinden sind.<\/p>\n<\/div>\n<\/div>\n<\/div>\n<\/div>\n\n\n\n<div class=\"wp-block-columns is-layout-flex wp-container-core-columns-is-layout-28f84493 wp-block-columns-is-layout-flex\">\n<div class=\"wp-block-column is-layout-flow wp-block-column-is-layout-flow\" style=\"flex-basis:66.66%\">\n<p class=\"has-larger-font-size\">In der Ausgestaltung seiner diagnostischen und therapeutischen Prinzipien anerkennt der Ayurveda die absolute Einzigartigkeit des Individuums auf besondere Weise. Damit verleiht der Ayurveda gerade Menschen aus den westlichen Zivilisationen eine neue Perspektive auf Krankheit und Missempfinden und damit die Grundlage f\u00fcr Wohlbefinden und auch Heilung.<\/p>\n<\/div>\n\n\n\n<div class=\"wp-block-column is-layout-flow wp-block-column-is-layout-flow\" style=\"flex-basis:33.33%\">\n<figure class=\"wp-block-image size-large\"><img loading=\"lazy\" decoding=\"async\" width=\"1024\" height=\"683\" src=\"https:\/\/ayurveda-portugal.com\/wp-content\/uploads\/2022\/01\/hands-1024x683.jpg\" alt=\"\" class=\"wp-image-440\" srcset=\"https:\/\/ayurveda-portugal.com\/wp-content\/uploads\/2022\/01\/hands-1024x683.jpg 1024w, https:\/\/ayurveda-portugal.com\/wp-content\/uploads\/2022\/01\/hands-300x200.jpg 300w, https:\/\/ayurveda-portugal.com\/wp-content\/uploads\/2022\/01\/hands-768x512.jpg 768w, https:\/\/ayurveda-portugal.com\/wp-content\/uploads\/2022\/01\/hands-1536x1024.jpg 1536w, https:\/\/ayurveda-portugal.com\/wp-content\/uploads\/2022\/01\/hands-2048x1365.jpg 2048w, https:\/\/ayurveda-portugal.com\/wp-content\/uploads\/2022\/01\/hands-1140x760.jpg 1140w, https:\/\/ayurveda-portugal.com\/wp-content\/uploads\/2022\/01\/hands-920x613.jpg 920w, https:\/\/ayurveda-portugal.com\/wp-content\/uploads\/2022\/01\/hands-575x383.jpg 575w, https:\/\/ayurveda-portugal.com\/wp-content\/uploads\/2022\/01\/hands-380x253.jpg 380w\" sizes=\"auto, (max-width: 1024px) 100vw, 1024px\" \/><figcaption class=\"wp-element-caption\">Einzigartikeit des Individuums von &#8220;Geburt&#8221;<\/figcaption><\/figure>\n<\/div>\n<\/div>\n\n\n\n<div class=\"wp-block-columns is-layout-flex wp-container-core-columns-is-layout-28f84493 wp-block-columns-is-layout-flex\">\n<div class=\"wp-block-column is-layout-flow wp-block-column-is-layout-flow\">\n<p class=\"has-drop-cap has-larger-font-size\">Integrative Medizin bedeutet f\u00fcr mich, die Perspektive und die Methoden des Ayurveda sowie anderer traditioneller bzw. naturheilkundlicher Heilungssysteme zu nutzen, um die h\u00e4ufig begrenzten M\u00f6glichkeiten der Schulmedizin zur Linderung oder Heilung gerade chronischer bzw. vermeintlich chronischer Erkrankungen zu erg\u00e4nzen. Dar\u00fcber hinaus verhelfen uns diese Heilmethoden, auch bei mehr akuten Erkrankungen oder Symptomen in vielen F\u00e4llen sanfter und dadurch nebenwirkungs\u00e4rmer zu behandeln. Die Schulmedizin kann aber auch wichtiger Bestandteil einer alternativen Behandlung sein. Es geht also um eine gegenseitige Anerkennung der jeweiligen Grenzen und M\u00f6glichkeiten. <br>Wer es genauer wissen m\u00f6chte: <a href=\"https:\/\/ayurveda-portugal.com\/integrative-medizin\/\" data-type=\"page\" data-id=\"878\">Link<\/a><\/p>\n\n\n\n<p class=\"has-text-align-left has-larger-font-size\"><\/p>\n<\/div>\n<\/div>\n\n\n\n<div style=\"height:35px\" aria-hidden=\"true\" class=\"wp-block-spacer\"><\/div>\n\n\n\n<h3 class=\"wp-block-heading\" id=\"ayus-bedeutet-leben-und-veda-wissen\"><strong>Ayus bedeutet \u201eLeben\u201c und veda \u201eWissen\u201c<\/strong><\/h3>\n\n\n\n<div class=\"wp-block-columns is-layout-flex wp-container-core-columns-is-layout-28f84493 wp-block-columns-is-layout-flex\">\n<div class=\"wp-block-column is-layout-flow wp-block-column-is-layout-flow\">\n<p class=\"has-drop-cap has-larger-font-size\">Der Ayurveda ist aber keine reine Wissenschaft, sondern ein umfassendes System, das sich mit dem Leben in seiner Multidimensionalit\u00e4t befasst. Das wird schon dadurch deutlich, wenn man sich mit den alten Schriften des Ayurveda, wie beispielsweise der <a rel=\"noreferrer noopener nofollow\" href=\"http:\/\/www.carakasamhitaonline.com\/mediawiki-1.32.1\/index.php?title=Charak_Samhita_New_Edition\" target=\"_blank\">Charaka Samhita,<\/a> besch\u00e4ftigt. Diese sind in einer exakten und gleichzeitig wunderbar spiriutellen Versform verfasst. Sie sind daher eher einer Kunstform, und weniger einer reinen wissenschaftlichen Abhandlung zuzuordnen.<\/p>\n\n\n\n<p class=\"has-drop-cap has-larger-font-size\"> \u201e<em>Ayus<\/em>\u201c geht auf den Wortstamm \u201e<em>yatu<\/em>\u201c zur\u00fcck. Yatu bedeutet \u201ederjenige, der sich bewegt\u201c.<\/p>\n<\/div>\n<\/div>\n\n\n\n<div class=\"wp-block-columns is-layout-flex wp-container-core-columns-is-layout-28f84493 wp-block-columns-is-layout-flex\">\n<div class=\"wp-block-column is-layout-flow wp-block-column-is-layout-flow\">\n<figure class=\"wp-block-image size-large is-resized\"><img loading=\"lazy\" decoding=\"async\" width=\"2560\" height=\"1599\" src=\"https:\/\/ayurveda-portugal.com\/wp-content\/uploads\/2022\/01\/shutterstock_387031966-edited-1-scaled.jpg\" alt=\"\" class=\"wp-image-557\" style=\"width:841px;height:524px\" srcset=\"https:\/\/ayurveda-portugal.com\/wp-content\/uploads\/2022\/01\/shutterstock_387031966-edited-1-scaled.jpg 2560w, https:\/\/ayurveda-portugal.com\/wp-content\/uploads\/2022\/01\/shutterstock_387031966-edited-1-300x187.jpg 300w, https:\/\/ayurveda-portugal.com\/wp-content\/uploads\/2022\/01\/shutterstock_387031966-edited-1-1024x640.jpg 1024w, https:\/\/ayurveda-portugal.com\/wp-content\/uploads\/2022\/01\/shutterstock_387031966-edited-1-768x480.jpg 768w, https:\/\/ayurveda-portugal.com\/wp-content\/uploads\/2022\/01\/shutterstock_387031966-edited-1-1536x959.jpg 1536w, https:\/\/ayurveda-portugal.com\/wp-content\/uploads\/2022\/01\/shutterstock_387031966-edited-1-2048x1279.jpg 2048w, https:\/\/ayurveda-portugal.com\/wp-content\/uploads\/2022\/01\/shutterstock_387031966-edited-1-1140x712.jpg 1140w, https:\/\/ayurveda-portugal.com\/wp-content\/uploads\/2022\/01\/shutterstock_387031966-edited-1-920x575.jpg 920w, https:\/\/ayurveda-portugal.com\/wp-content\/uploads\/2022\/01\/shutterstock_387031966-edited-1-575x359.jpg 575w, https:\/\/ayurveda-portugal.com\/wp-content\/uploads\/2022\/01\/shutterstock_387031966-edited-1-380x237.jpg 380w\" sizes=\"auto, (max-width: 2560px) 100vw, 2560px\" \/><figcaption class=\"wp-element-caption\">Jahrtausend alte Schriften des Ayurveda in Sanskrit geschrieben auf Palmb\u00e4ttern<\/figcaption><\/figure>\n<\/div>\n<\/div>\n\n\n\n<h3 class=\"wp-block-heading\" id=\"das-leben-als-prozess-verstehen\"><strong>Das Leben als Prozess verstehen<\/strong><\/h3>\n\n\n\n<div class=\"wp-block-columns is-layout-flex wp-container-core-columns-is-layout-28f84493 wp-block-columns-is-layout-flex\">\n<div class=\"wp-block-column is-layout-flow wp-block-column-is-layout-flow\">\n<p class=\"has-larger-font-size\">In diesem Sinne ist \u201e<em>Ayus<\/em>\u201c als ein Prozess zu verstehen, der sich von der Zeugung bis zum Tod erstreckt. Der Ayurveda ist also ein System, dass sich mit der Lebenspanne zwischen der Verbindung von Samen und Eizelle und dem Tod auseinandersetzt, und zwar in all seinen Facetten: Das Kontinuum des Bewu\u00dftseins, das Lebendigsein <em>(<a rel=\"noreferrer noopener nofollow\" href=\"http:\/\/spokensanskrit.org\/index.php?mode=3&amp;script=ia&amp;tran_input=jivita&amp;direct=au\" target=\"_blank\">jivita<\/a><\/em>), das Verbundensein mit dem K\u00f6rper (<em><a href=\"https:\/\/www.sanskritdictionary.com\/?iencoding=iast&amp;q=anubandha&amp;lang=sans&amp;action=Search\" rel=\"nofollow noopener\" target=\"_blank\">anubandha<\/a><\/em>) und der Erhalt des Lebens (<em><a rel=\"noreferrer noopener nofollow\" href=\"https:\/\/www.sanskritdictionary.com\/?iencoding=iast&amp;q=dhari&amp;lang=sans&amp;action=Search\" target=\"_blank\">dhari<\/a><\/em>).<br>[<a rel=\"noreferrer noopener nofollow\" href=\"http:\/\/www.carakasamhitaonline.com\/mediawiki-1.32.1\/index.php?title=Arthedashmahamooliya_Adhyaya\" target=\"_blank\">Ca. Su. 30\/22-23<\/a>].<\/p>\n<\/div>\n<\/div>\n\n\n\n<h3 class=\"wp-block-heading\" id=\"individuelles-glucksempfinden-ist-gesundheit\"><strong>Gesundheit ist das individuelle Empfinden von Gl\u00fcck<\/strong><\/h3>\n\n\n\n<div class=\"wp-block-columns is-layout-flex wp-container-core-columns-is-layout-28f84493 wp-block-columns-is-layout-flex\">\n<div class=\"wp-block-column is-layout-flow wp-block-column-is-layout-flow\" style=\"flex-basis:66.66%\">\n<p class=\"has-larger-font-size\">Gesundheit, im Sanskrit <em>Arogya<\/em> (\u201eNicht-Kranksein\u201c), wird in den alten Texten als \u201edas sehr pers\u00f6nliche Empfinden von Gl\u00fcck\u201c (<em>sukhasnjakam<\/em>) beschrieben. Es geht also darum, f\u00fcr den Patienten einen <strong>Zustand zu erreichen, der seiner ganz individuellen Situation gerecht wird und zwar im <\/strong><a href=\"http:\/\/ayurveda-ruhrgebiet.de\/ayurveda-mehr-als-eine-wissenschaft\/die-wichtigsten-theorien-die-dem-ayurveda-zugrunde-liegen\" rel=\"nofollow noopener\" target=\"_blank\"><strong>Zusammenspiel von K\u00f6rper, Geist, Seele<\/strong><\/a> und <strong>Sinnen<\/strong><\/p>\n<\/div>\n\n\n\n<div class=\"wp-block-column is-layout-flow wp-block-column-is-layout-flow\" style=\"flex-basis:33.33%\">\n<figure class=\"wp-block-image size-full is-resized\"><img loading=\"lazy\" decoding=\"async\" width=\"583\" height=\"550\" src=\"https:\/\/ayurveda-portugal.com\/wp-content\/uploads\/2024\/12\/AdobeStock_944462974_Preview-e1735325499830.jpeg\" alt=\"\" class=\"wp-image-2238\" style=\"aspect-ratio:0.5625;object-fit:cover;width:231px;height:auto\" srcset=\"https:\/\/ayurveda-portugal.com\/wp-content\/uploads\/2024\/12\/AdobeStock_944462974_Preview-e1735325499830.jpeg 583w, https:\/\/ayurveda-portugal.com\/wp-content\/uploads\/2024\/12\/AdobeStock_944462974_Preview-e1735325499830-300x283.jpeg 300w, https:\/\/ayurveda-portugal.com\/wp-content\/uploads\/2024\/12\/AdobeStock_944462974_Preview-e1735325499830-575x542.jpeg 575w, https:\/\/ayurveda-portugal.com\/wp-content\/uploads\/2024\/12\/AdobeStock_944462974_Preview-e1735325499830-380x358.jpeg 380w\" sizes=\"auto, (max-width: 583px) 100vw, 583px\" \/><\/figure>\n<\/div>\n<\/div>\n","protected":false},"excerpt":{"rendered":"<p>Der Ayurveda ist wahrscheinlich das \u00e4lteste traditionelle Heilverfahren der Welt. Mit seinen Schriften, die \u00fcber 2000 Jahre alt sind, verf\u00fcgt der Ayurveda \u00fcber eine unvergleichbar pr\u00e4zise dokumentierte Wissensbasis, die seit [&hellip;]<\/p>\n","protected":false},"author":1,"featured_media":3073,"parent":0,"menu_order":0,"comment_status":"closed","ping_status":"closed","template":"","meta":{"footnotes":""},"class_list":["post-362","page","type-page","status-publish","has-post-thumbnail","hentry"],"translation":{"provider":"WPGlobus","version":"3.0.2","language":"de","enabled_languages":["en","pt","de"],"languages":{"en":{"title":true,"content":true,"excerpt":false},"pt":{"title":false,"content":false,"excerpt":false},"de":{"title":true,"content":true,"excerpt":false}}},"_links":{"self":[{"href":"https:\/\/ayurveda-portugal.com\/de\/wp-json\/wp\/v2\/pages\/362","targetHints":{"allow":["GET"]}}],"collection":[{"href":"https:\/\/ayurveda-portugal.com\/de\/wp-json\/wp\/v2\/pages"}],"about":[{"href":"https:\/\/ayurveda-portugal.com\/de\/wp-json\/wp\/v2\/types\/page"}],"author":[{"embeddable":true,"href":"https:\/\/ayurveda-portugal.com\/de\/wp-json\/wp\/v2\/users\/1"}],"replies":[{"embeddable":true,"href":"https:\/\/ayurveda-portugal.com\/de\/wp-json\/wp\/v2\/comments?post=362"}],"version-history":[{"count":111,"href":"https:\/\/ayurveda-portugal.com\/de\/wp-json\/wp\/v2\/pages\/362\/revisions"}],"predecessor-version":[{"id":3238,"href":"https:\/\/ayurveda-portugal.com\/de\/wp-json\/wp\/v2\/pages\/362\/revisions\/3238"}],"wp:featuredmedia":[{"embeddable":true,"href":"https:\/\/ayurveda-portugal.com\/de\/wp-json\/wp\/v2\/media\/3073"}],"wp:attachment":[{"href":"https:\/\/ayurveda-portugal.com\/de\/wp-json\/wp\/v2\/media?parent=362"}],"curies":[{"name":"wp","href":"https:\/\/api.w.org\/{rel}","templated":true}]}}