{"id":599,"date":"2022-01-20T09:55:52","date_gmt":"2022-01-20T09:55:52","guid":{"rendered":"https:\/\/ayurveda-portugal.com\/?page_id=599"},"modified":"2025-10-01T10:55:20","modified_gmt":"2025-10-01T10:55:20","slug":"ueber-mich","status":"publish","type":"page","link":"https:\/\/ayurveda-portugal.com\/de\/ueber-mich\/","title":{"rendered":"\u00dcber mich"},"content":{"rendered":"\n<div id=\"athemes-blocks-block-ad9f9a10\" class=\"wp-block-athemes-athemes-blocks-block-container athemes-blocks-block athemes-blocks-block-ad9f9a10 athemes-blocks-block-container alignfull\"><div class=\"athemes-blocks-block-container-wrapper athemes-blocks-block-container-bg-cover athemes-blocks-block-container-bg-effect-scroll\"><div class=\"athemes-blocks-block-container-wrapper-content\">\n<div class=\"wp-block-columns has-palette-1-color-5-background-color has-background is-layout-flex wp-container-core-columns-is-layout-28f84493 wp-block-columns-is-layout-flex\">\n<div class=\"wp-block-column is-layout-flow wp-block-column-is-layout-flow\">\n<p class=\"has-larger-font-size\">Mein Name ist Dr. med. Claudius Nassabi. Ich bin Arzt und lebe seit April 2021 im wundersch\u00f6nen Alentejo. Als Arzt habe ich angefangen in der klassischen Kinder- und Jugendmedizin. Dann kam eine Zeit, in der ich andere Talente und Bed\u00fcrfnisse gelebt habe. Ich habe in der Industrie, in der Forschung aber auch in der Vermarktung von Labordiagnositka gearbeitet. In dieser Zeit habe ich mich st\u00e4ndig mit der Medizin und alternativen Heilverfahren besch\u00e4ftigt und fortw\u00e4hrend weitergebildet. Ich habe unter anderem zwei Studienabschl\u00fcsse in Ayurvedischer Medizin, und lange Aufenthalte in Indien bei indischen Ayurveda-Meistern (Vaidya) erleben d\u00fcrfen. Zuletzt war ich in einer <a href=\"https:\/\/www.gemeinschaftskrankenhaus.de\/medizin-therapie-pflege\/fachabteilungen\/kinder-\/jugendmedizin\/uebersicht\/\" target=\"_blank\" rel=\"noreferrer noopener nofollow\">anthroposophischen Klinik<\/a> als Arzt in Deutschland im Bereich der Kinder- und Jugendmedizin t\u00e4tig und habe dort ein weiteres alternativmedizinisches System, das der <a href=\"https:\/\/www.gaed.de\/aam\/info\" target=\"_blank\" rel=\"noreferrer noopener nofollow\">Anthroposophie<\/a>, kennen und sch\u00e4tzen gelernt. Ich praktiziere seit 30 Jahren Yoga und Meditation und habe eine Lehrerausbildung in <a href=\"https:\/\/en.wikipedia.org\/wiki\/Restorative_Yoga\" rel=\"nofollow noopener\" target=\"_blank\">Y<\/a><a href=\"https:\/\/en.wikipedia.org\/wiki\/Restorative_Yoga\" target=\"_blank\" rel=\"noreferrer noopener nofollow\">in Restorative Yoga<\/a>. Heute verbinde ich dieses Wissen und die (Lebens-) Erfahrungen im Rahmen der Traditionellen Indischen Medizin (Ayurveda) bzw. einer <a href=\"https:\/\/ayurveda-portugal.com\/integrative-medizin\/\">Integrativen Medizin<\/a>, in der der Mensch als einzigartiges Individuum im Zentrum meiner \u00e4rztlich unterst\u00fctzenden T\u00e4tigkeit steht.<\/p>\n<\/div>\n\n\n\n<div class=\"wp-block-column is-layout-flow wp-block-column-is-layout-flow\" style=\"flex-basis:33%\">\n<figure class=\"wp-block-image size-large\"><img loading=\"lazy\" decoding=\"async\" width=\"683\" height=\"1024\" src=\"https:\/\/ayurveda-portugal.com\/wp-content\/uploads\/2025\/02\/IMG_1825-683x1024.jpg\" alt=\"\" class=\"wp-image-2332\" srcset=\"https:\/\/ayurveda-portugal.com\/wp-content\/uploads\/2025\/02\/IMG_1825-683x1024.jpg 683w, https:\/\/ayurveda-portugal.com\/wp-content\/uploads\/2025\/02\/IMG_1825-200x300.jpg 200w, https:\/\/ayurveda-portugal.com\/wp-content\/uploads\/2025\/02\/IMG_1825-768x1152.jpg 768w, https:\/\/ayurveda-portugal.com\/wp-content\/uploads\/2025\/02\/IMG_1825-1024x1536.jpg 1024w, https:\/\/ayurveda-portugal.com\/wp-content\/uploads\/2025\/02\/IMG_1825-920x1380.jpg 920w, https:\/\/ayurveda-portugal.com\/wp-content\/uploads\/2025\/02\/IMG_1825-575x862.jpg 575w, https:\/\/ayurveda-portugal.com\/wp-content\/uploads\/2025\/02\/IMG_1825-380x570.jpg 380w, https:\/\/ayurveda-portugal.com\/wp-content\/uploads\/2025\/02\/IMG_1825.jpg 1067w\" sizes=\"auto, (max-width: 683px) 100vw, 683px\" \/><\/figure>\n<\/div>\n<\/div>\n<\/div><\/div><\/div>\n","protected":false},"excerpt":{"rendered":"","protected":false},"author":1,"featured_media":0,"parent":0,"menu_order":0,"comment_status":"closed","ping_status":"closed","template":"","meta":{"footnotes":""},"class_list":["post-599","page","type-page","status-publish","hentry"],"translation":{"provider":"WPGlobus","version":"3.0.2","language":"de","enabled_languages":["en","pt","de"],"languages":{"en":{"title":true,"content":true,"excerpt":false},"pt":{"title":false,"content":false,"excerpt":false},"de":{"title":true,"content":true,"excerpt":false}}},"_links":{"self":[{"href":"https:\/\/ayurveda-portugal.com\/de\/wp-json\/wp\/v2\/pages\/599","targetHints":{"allow":["GET"]}}],"collection":[{"href":"https:\/\/ayurveda-portugal.com\/de\/wp-json\/wp\/v2\/pages"}],"about":[{"href":"https:\/\/ayurveda-portugal.com\/de\/wp-json\/wp\/v2\/types\/page"}],"author":[{"embeddable":true,"href":"https:\/\/ayurveda-portugal.com\/de\/wp-json\/wp\/v2\/users\/1"}],"replies":[{"embeddable":true,"href":"https:\/\/ayurveda-portugal.com\/de\/wp-json\/wp\/v2\/comments?post=599"}],"version-history":[{"count":45,"href":"https:\/\/ayurveda-portugal.com\/de\/wp-json\/wp\/v2\/pages\/599\/revisions"}],"predecessor-version":[{"id":2946,"href":"https:\/\/ayurveda-portugal.com\/de\/wp-json\/wp\/v2\/pages\/599\/revisions\/2946"}],"wp:attachment":[{"href":"https:\/\/ayurveda-portugal.com\/de\/wp-json\/wp\/v2\/media?parent=599"}],"curies":[{"name":"wp","href":"https:\/\/api.w.org\/{rel}","templated":true}]}}