{"id":675,"date":"2022-01-20T19:59:42","date_gmt":"2022-01-20T19:59:42","guid":{"rendered":"https:\/\/ayurveda-portugal.com\/?page_id=675"},"modified":"2026-04-02T11:59:33","modified_gmt":"2026-04-02T11:59:33","slug":"675-2","status":"publish","type":"page","link":"https:\/\/ayurveda-portugal.com\/de\/retreats\/675-2\/","title":{"rendered":"Ayurvedische Gesundheitssprechstunde und Behandlungen"},"content":{"rendered":"\n<div class=\"wp-block-columns is-layout-flex wp-container-core-columns-is-layout-28f84493 wp-block-columns-is-layout-flex\">\n<div class=\"wp-block-column is-layout-flow wp-block-column-is-layout-flow\">\n<p class=\"has-larger-font-size\">Der Ayurveda ist wahrscheinlich das \u00e4lteste traditionelle Heilverfahren auf der Welt. Mit seinen Schriften, die \u00fcber 2000 Jahre alt sind, verf\u00fcgt der Ayurveda \u00fcber eine unvergleichliche pr\u00e4zise dokumentierte Wissensbasis, die seit tausenden Jahren zun\u00e4chst m\u00fcndlich von Generation zu Generation und dann auch schriftlich \u00fcberliefert wurde. Obwohl das System in Indien seinen Ursprung hat, l\u00e4sst sich das ayurvedische Heilsystem aufgrund seiner <strong>allgemeing\u00fcltigen Prinzipien<\/strong> auf die Umwelt- und Lebensbedingungen aller Kulturen \u00fcbertragen. Durch die \u00d6ffnung des Ayurveda, wie er in Indien heute gelehrt und praktiziert wird tr\u00e4gt er diesem Anspruch Rechnung. Die Grundelemente des Ayurveda bestehen in der <strong>Einheit von K\u00f6rper, Geist, Seele und Sinnen<\/strong>, der <strong>Elementlehre<\/strong>, der <strong>Einheit aus Mikro-und Makrokosmos<\/strong> sowie aus dem<strong> Zusammenspiel der Funktionsenergien vata, pitta und kapha<\/strong>, deren harmonische Ausgeglichenheit die Basis f\u00fcr Gesundheit und Wohlbefinden sind. In der Ausgestaltung seiner diagnostischen und therapeutischen Prinzipien anerkennt der Ayurveda die <strong>absolute Einzigartigkeit des einzelnen Menschen<\/strong> auf herausragende Weise. Damit verleiht der Ayurveda verleiht gerade uns Menschen aus den westlichen Zivilisationen eine <strong>neue Perspektive<\/strong> auf Krankheit und Missempfinden und damit die Grundlage f\u00fcr wirkliche <strong>Heilung<\/strong>.<\/p>\n\n\n\n<p><\/p>\n\n\n\n<p class=\"has-larger-font-size\"> <strong>Beratung und Behandlung<\/strong><\/p>\n\n\n\n<ul class=\"wp-block-list has-larger-font-size\">\n<li>Jeder Ayurvedischen Behandlung geht eine eingehende Anamnese voraus. Hierzu kann ich nach Wunsch bzw. Notwendigkeit schulmedizinische Therapien miteinbeziehen. Ziel ist es, ein m\u00f6glichst umfassendes Bild Ihrer Konstitution, Bed\u00fcrfnisse, Gef\u00fchlswelt sowie Ihrer Symptom-bzw. Krankheitsgeschichte zu bekommen. F\u00fcr die Anamnese und eine k\u00f6rperliche Untersuchung inkl. ayurvedischer Pulsdiagnose ben\u00f6tigen wir etwa 60 Minuten!<\/li>\n\n\n\n<li>Die Konsultation kann grunds\u00e4tzlich auch online erfolgen!<\/li>\n\n\n\n<li>Die Ergebnisse werden nach Wunsch in einem ausf\u00fchrlichen Bericht sowie einem Therapie- und Ern\u00e4hrungsplan festgehalten, den Sie in schriftlicher Form erhalten. Dieser beinhaltet auch die Rezeptur von Kr\u00e4utermedikamenten nach s\u00fcdindischer Tradition. <\/li>\n\n\n\n<li>Vor Ort biete ich je nach Diagnosestellung und Therapieplan zus\u00e4tzlich folgende manuelle klassische bzw. traditionelle ayurvedische Verfahren an:<br>\n<ul class=\"wp-block-list\">\n<li>Pancha-Karma Behandlungen (klassisch)<ul><li>einer klassischen Panchakarma-Behandlungen gehen vorbereitende Massnahmen (Purvakarma) der \u00e4u\u00dferen und inneren \u00d6lung (Snehana) sowie W\u00e4rmebehandlungen (Sevdana) voraus, denen dann eine oder mehrere der 5 Hauptbehandlungen (Panchakarma) folgen. Diese sind: <\/li><\/ul>\n<ol class=\"wp-block-list\">\n<li>Vamana (therapeutisches Erbrechen)<\/li>\n\n\n\n<li>Virececana (therapeutisches Abf\u00fchren)<\/li>\n\n\n\n<li>Niruha Vasti (therapeutische Darmbehandlung mittles reinigendem Einlauf mit einer speziellen und auf die Erkrankung abgestimmten Kr\u00e4uterabkochung)<\/li>\n\n\n\n<li>Anuvasana Vasti (therapeutische Darmbehandlung mittles n\u00e4hrendem Einlauf mit speziellen und auf die Erkrankung abgestimmten medizinierten Ayurveda-\u00d6len)<\/li>\n\n\n\n<li>Nasya (therapeutische Nasensp\u00fclung mittels speziellen medizinierten Ayurveda \u00d6lessenzen)<br><\/li>\n<\/ol>\n<\/li>\n<\/ul>\n<\/li>\n<\/ul>\n\n\n\n<p class=\"has-larger-font-size\">A<strong>ngebot klassischer Einzel-Behandlungen auch ausserhalb einer Panchakarma Kur<\/strong><\/p>\n\n\n\n<ul class=\"wp-block-list has-larger-font-size\">\n<li>Swedana (klassische Schwitz-W\u00e4rmebhandlung mit speziellen auf die Erkrankung abgestimmten Kr\u00e4uterabkochungen)<\/li>\n\n\n\n<li>Kati Basti (traditionelles \u00d6lbad f\u00fcr den unteren R\u00fccken) inklusive Swedana, zur Behandlung von Ischalgie, Bandscheiben-Vorf\u00e4llen (ohne neurologische Ausfallerscheinung), oder R\u00fcckenverspannungen<\/li>\n\n\n\n<li>Janu Basti (traditionelles \u00d6lbad f\u00fcr die Kniegelenke) inklusive Swedana, zur Behandlung von Arthrose und Meniskusproblemen<\/li>\n\n\n\n<li>Hritdaya Basti (traditionelles \u00d6lbad \u00fcber der Herzregion) inklusive Swedana, zur Behandlung von Herzangst und gewissen Formen von Herzrhytmusst\u00f6rungen.<\/li>\n\n\n\n<li>Karna Purana (traditionelles \u00d6lbad f\u00fcr das Ohr) besonders gut bei vata-St\u00f6rungen wie Tinitus oder aber Verspannungen im Kiefergelenk<\/li>\n\n\n\n<li>Akshi tarpana (traditionelle regenerierende Augenbehandlung), zur Behandlung trockener Augen, Blepharosmus aber auch Migr\u00e4ne.<\/li>\n\n\n\n<li>Abhyanga (klassische Ganzk\u00f6rpermassage mit speziellen auf die Erkrankung abgestimmten medizinierten Auyurveda-\u00d6len) inklusive Svedana<\/li>\n\n\n\n<li>Padhyanga (traditionelle Fussmassage) inklusive Svedana<\/li>\n\n\n\n<li>Shiro Abhyanga (traditionelle Kopf-und Stirnmassage) inklusive Svedana<\/li>\n<\/ul>\n\n\n\n<p><\/p>\n\n\n\n<p class=\"has-larger-font-size\">ONLINE-BERATUNG IST M\u00d6GLICH!<\/p>\n\n\n\n<h5 class=\"wp-block-heading\" id=\"wer-profitiert\">Wem helfen diese Behandlungen?<\/h5>\n\n\n\n<p class=\"has-larger-font-size\">Menschen mit chronischen Erkrankungen, die mit den bisherigen schulmedizinischen, aber auch alternativen Verfahren keine wirkliche Erleichterung erfahren haben. Zu diesen Erkrankungen bzw. Symptomen z\u00e4hlen:<\/p>\n\n\n\n<ul class=\"wp-block-list has-larger-font-size\">\n<li>unklare Schmerzen,<\/li>\n\n\n\n<li>chronische M\u00fcdigkeit und Abgeschlagenheit<\/li>\n\n\n\n<li>Post-COVID-Syndrom<\/li>\n\n\n\n<li>Allergien oder Nahrungsunvertr\u00e4glichkeiten<\/li>\n\n\n\n<li>Neurodermitis<\/li>\n\n\n\n<li><a rel=\"noreferrer noopener\" href=\"https:\/\/ayurveda-portugal.com\/ulcerative-colitis\/\" target=\"_blank\">Irritables Colon oder Entz\u00fcndliche Darmerkrankungen<\/a> (wie Morbus Crohn oder Colitis Ulcerosa)<\/li>\n\n\n\n<li>Krankheiten des rheumatischen Formenkreises sowie Polymyalgie oder Fibromyalgie<\/li>\n\n\n\n<li>Bluthochdruck<\/li>\n\n\n\n<li>Hypo-bzw. Hyperthyreodismus<\/li>\n\n\n\n<li>Blepharospasmus bzw. Dry Eye-Syndrom<\/li>\n\n\n\n<li>etc.<\/li>\n<\/ul>\n\n\n\n<h5 class=\"wp-block-heading\" id=\"was-wollen-wir-erreichen\">Was wollen wir erreichen:<\/h5>\n\n\n\n<p class=\"has-larger-font-size\">Es geht darum, dauerhafte Erleichterung und Wohlbefinden zu erzielen. Schulmedizinische Medikamente sollten dabei auf ein Minimum reduziert, oder aber ganz ausgeschlichen werden.<\/p>\n\n\n\n<div style=\"height:21px\" aria-hidden=\"true\" class=\"wp-block-spacer\"><\/div>\n\n\n\n<div class=\"wp-block-buttons is-layout-flex wp-block-buttons-is-layout-flex\">\n<div class=\"wp-block-button is-style-outline is-style-outline--1\"><a class=\"wp-block-button__link has-color-0-color has-color-6-background-color has-text-color has-background wp-element-button\" href=\"https:\/\/calendly.com\/dr_med_nassabi\/free_evaluation_call\" target=\"_blank\" rel=\"noreferrer noopener nofollow\">Kostenfreies und unverbindliches Telefongespr\u00e4ch reservieren<\/a><\/div>\n<\/div>\n\n\n\n<div style=\"height:47px\" aria-hidden=\"true\" class=\"wp-block-spacer\"><\/div>\n\n\n\n<h5 class=\"wp-block-heading\" id=\"kosten\">Kosten<\/h5>\n\n\n\n<p class=\"has-larger-font-size\">Die Kosten f\u00fcr die oben erw\u00e4hnte ausf\u00fchrliche Konsultation betragen 70,-\u20ac exklusive der schriftlichen Zusammenfassung des Gespr\u00e4chs und eines Therapieplans. F\u00fcr diese veranschlage ich 30,-\u20ac.<\/p>\n\n\n\n<p class=\"has-larger-font-size\">Die Kosten f\u00fcr die o.g. Einzelbehandlungen werden je nach Zeit und Materialaufwand berechnet und liegen zwischen 65,-\u20ac und 90,-\u20ac. Grunds\u00e4tzlich ist es m\u00f6glich, f\u00fcr Teilbereiche der Behandlung eine private auszustellen. Diese Kosten k\u00f6nnen dann ggf. von einer Privaten Versicherung \u00fcbernommen werden. Bitte informieren Sie sich ggf. im Vorfeld einer Behandlung. In speziellen Situationen kann ich die Behandlung auch zu g\u00fcnstigeren Konditionen anbieten. Bitte sprechen Sie mich an!<\/p>\n\n\n\n<h5 class=\"wp-block-heading\" id=\"wo\">Wo<\/h5>\n\n\n\n<p class=\"has-larger-font-size\">Ayurveda-Monte da Bela Vista<br>Monte da Bela Vista<br>Rua Sapata Boavista<br>7555-019 Cercal do Alentejo<\/p>\n\n\n\n<p class=\"has-larger-font-size\"><\/p>\n\n\n\n<p><\/p>\n<\/div>\n<\/div>\n\n\n\n<div class=\"wp-block-columns is-layout-flex wp-container-core-columns-is-layout-28f84493 wp-block-columns-is-layout-flex\">\n<div class=\"wp-block-column is-layout-flow wp-block-column-is-layout-flow\"><\/div>\n<\/div>\n","protected":false},"excerpt":{"rendered":"<p>Der Ayurveda ist wahrscheinlich das \u00e4lteste traditionelle Heilverfahren auf der Welt. Mit seinen Schriften, die \u00fcber 2000 Jahre alt sind, verf\u00fcgt der Ayurveda \u00fcber eine unvergleichliche pr\u00e4zise dokumentierte Wissensbasis, die [&hellip;]<\/p>\n","protected":false},"author":1,"featured_media":0,"parent":629,"menu_order":1,"comment_status":"closed","ping_status":"closed","template":"","meta":{"footnotes":""},"class_list":["post-675","page","type-page","status-publish","hentry"],"translation":{"provider":"WPGlobus","version":"3.0.2","language":"de","enabled_languages":["en","pt","de"],"languages":{"en":{"title":true,"content":true,"excerpt":false},"pt":{"title":true,"content":true,"excerpt":false},"de":{"title":true,"content":true,"excerpt":false}}},"_links":{"self":[{"href":"https:\/\/ayurveda-portugal.com\/de\/wp-json\/wp\/v2\/pages\/675","targetHints":{"allow":["GET"]}}],"collection":[{"href":"https:\/\/ayurveda-portugal.com\/de\/wp-json\/wp\/v2\/pages"}],"about":[{"href":"https:\/\/ayurveda-portugal.com\/de\/wp-json\/wp\/v2\/types\/page"}],"author":[{"embeddable":true,"href":"https:\/\/ayurveda-portugal.com\/de\/wp-json\/wp\/v2\/users\/1"}],"replies":[{"embeddable":true,"href":"https:\/\/ayurveda-portugal.com\/de\/wp-json\/wp\/v2\/comments?post=675"}],"version-history":[{"count":119,"href":"https:\/\/ayurveda-portugal.com\/de\/wp-json\/wp\/v2\/pages\/675\/revisions"}],"predecessor-version":[{"id":3299,"href":"https:\/\/ayurveda-portugal.com\/de\/wp-json\/wp\/v2\/pages\/675\/revisions\/3299"}],"up":[{"embeddable":true,"href":"https:\/\/ayurveda-portugal.com\/de\/wp-json\/wp\/v2\/pages\/629"}],"wp:attachment":[{"href":"https:\/\/ayurveda-portugal.com\/de\/wp-json\/wp\/v2\/media?parent=675"}],"curies":[{"name":"wp","href":"https:\/\/api.w.org\/{rel}","templated":true}]}}