{"id":779,"date":"2022-01-23T12:57:44","date_gmt":"2022-01-23T12:57:44","guid":{"rendered":"https:\/\/ayurveda-portugal.com\/?page_id=779"},"modified":"2025-03-08T19:53:03","modified_gmt":"2025-03-08T19:53:03","slug":"die-theorie-der-5-elemente","status":"publish","type":"page","link":"https:\/\/ayurveda-portugal.com\/de\/ayurveda-verstehen\/die-theorie-der-5-elemente\/","title":{"rendered":"5 Elemente"},"content":{"rendered":"\n\n\n<div id=\"athemes-blocks-block-8d0152a7\" class=\"wp-block-athemes-athemes-blocks-block-container athemes-blocks-block athemes-blocks-block-8d0152a7 athemes-blocks-block-container alignfull\"><div class=\"athemes-blocks-block-container-wrapper athemes-blocks-block-container-bg-cover athemes-blocks-block-container-bg-effect-scroll\"><div class=\"athemes-blocks-block-container-wrapper-content\">\n<div class=\"wp-block-columns is-layout-flex wp-container-core-columns-is-layout-28f84493 wp-block-columns-is-layout-flex\">\n<div class=\"wp-block-column is-layout-flow wp-block-column-is-layout-flow\">\n<p class=\"has-larger-font-size\">Die Theorie der f\u00fcnf Elemente (pancha maha bhuta) z\u00e4hlt zu den <strong>universellen <\/strong>Theorien. Das hei\u00dft, dass sie nicht nur im Ayurveda, sondern auch in zahlreichen anderen traditionellen Systemen Anwendung findet, bspw. in abgewandelter Form auch in der Traditionellen Chinesischen Medizin. Sie geht davon aus, dass sowohl die belebte als auch die unbelebte Natur aus diesen f\u00fcnf Elementen in jeweils <strong>unterschiedlicher Zusammensetzung<\/strong> aufgebaut sind:<\/p>\n\n\n\n<ul class=\"wp-block-list has-larger-font-size\">\n<li>\u00c4ther (\u0101k\u0101\u015ba)<\/li>\n\n\n\n<li>Luft (v\u0101yu)<\/li>\n\n\n\n<li>Feuer (agni oder teja)<\/li>\n\n\n\n<li>Wasser (jala)<\/li>\n\n\n\n<li>Erde (p\u1e5bthiv\u012b)<\/li>\n<\/ul>\n\n\n\n<p class=\"has-larger-font-size\">In den Beschreibungen der Veden hat alles seinen Anfang im \u00c4ther. Aus ihm heraus bilden sich die jeweils n\u00e4chsten Elemente. Die wesentlichen Eigenschaften aller f\u00fcr den Menschen wahrnehmbaren Dinge werden durch das jeweilig vorherrschende Element bestimmt.<\/p>\n\n\n\n<div class=\"wp-block-group\"><div class=\"wp-block-group__inner-container is-layout-flow wp-block-group-is-layout-flow\">\n<h5 class=\"wp-block-heading\"><strong>\u00c4ther<\/strong><\/h5>\n\n\n\n<p class=\"has-larger-font-size\">Der \u00c4ther ist als Element f\u00fcr den Raum verantwortlich, in dem alles entstehen kann. Er ist gleichzeitig Anfang und Ende, also die Begrenzung f\u00fcr alles Materielle. Im K\u00f6rper des Menschen werde alle Hohlorgane und Leitungsbahnen \u00fcberwiegend durch das Element \u00c4ther gepr\u00e4gt.<\/p>\n<\/div><\/div>\n\n\n\n<div class=\"wp-block-group\"><div class=\"wp-block-group__inner-container is-layout-flow wp-block-group-is-layout-flow\">\n<h5 class=\"wp-block-heading\"><strong>Luft<\/strong><\/h5>\n\n\n\n<p class=\"has-larger-font-size\">Das Element der Luft repr\u00e4sentiert die Lebensenergie (pr\u0101na) und ist verantwortlich f\u00fcr Bewegung und Ver\u00e4nderung.<\/p>\n<\/div><\/div>\n\n\n\n<h5 class=\"wp-block-heading\"><strong>Feuer<\/strong><\/h5>\n\n\n\n<p class=\"has-larger-font-size\">Das Element Feuer steht f\u00fcr die Transformation und W\u00e4rme, aber auch f\u00fcr Intensit\u00e4t.<\/p>\n\n\n\n<div class=\"wp-block-group\"><div class=\"wp-block-group__inner-container is-layout-flow wp-block-group-is-layout-flow\">\n<h5 class=\"wp-block-heading\"><strong>Wasser<\/strong><\/h5>\n\n\n\n<p class=\"has-larger-font-size\">Das Element Wasser sorgt f\u00fcr Bewegung und Feuchtigkeit (Kleda).<br>Ihm werden in der reinen Form die Eigenschaften:<\/p>\n\n\n\n<ul class=\"wp-block-list has-larger-font-size\">\n<li>flie\u00dfend<\/li>\n\n\n\n<li>feucht<\/li>\n\n\n\n<li>klar<\/li>\n<\/ul>\n<\/div><\/div>\n\n\n\n<div class=\"wp-block-group\"><div class=\"wp-block-group__inner-container is-layout-flow wp-block-group-is-layout-flow\">\n<div class=\"wp-block-group\"><div class=\"wp-block-group__inner-container is-layout-flow wp-block-group-is-layout-flow\">\n<h5 class=\"wp-block-heading\"><strong>Erde<\/strong><\/h5>\n\n\n\n<p class=\"has-larger-font-size\">Das <strong>Element der Erde<\/strong> symbolisiert die Grobstofflichkeit und die festen Stoffe innerhalb des K\u00f6rpers. Folgende Eigenschaften werden dem Element Erde in seiner reinen Form zugeschrieben:<\/p>\n<\/div><\/div>\n\n\n\n<ul class=\"wp-block-list has-larger-font-size\">\n<li>schwer,<\/li>\n\n\n\n<li>unbeweglich,<\/li>\n\n\n\n<li>hart,<\/li>\n\n\n\n<li>grobstofflich,<\/li>\n<\/ul>\n<\/div><\/div>\n<\/div>\n<\/div>\n\n\n\n<p class=\"has-larger-font-size\">Die Elemente und deren Eigenschaften pr\u00e4gen und symbolisieren die 5 Sinne des Menschen:<\/p>\n\n\n\n<figure class=\"wp-block-table is-style-regular\"><table><thead><tr><th>Element<\/th><th>Sinneswahrnehmung<\/th><th>weitere Funktion im Rahmen <br>der Sinneswahrnehmung<\/th><\/tr><\/thead><tbody><tr><td><strong>\u00c4ther<\/strong><\/td><td><strong>H\u00f6ren<\/strong><\/td><td>&nbsp;<\/td><\/tr><tr><td><strong>Luft<\/strong><\/td><td><strong>Tasten<\/strong><\/td><td>&nbsp;<\/td><\/tr><tr><td><strong>Feuer<\/strong><\/td><td><strong>Sehen<\/strong><\/td><td><strong>H\u00f6ren, Tasten<\/strong><\/td><\/tr><tr><td><strong>Wasser<\/strong><\/td><td><strong>Schmecken<\/strong><\/td><td><strong>H\u00f6ren, Tasten, Sehen<\/strong><\/td><\/tr><tr><td><strong>Erde<\/strong><\/td><td><strong>Riechen<\/strong><\/td><td><strong>H\u00f6ren, Tasten, Sehen, Schmecken<\/strong><\/td><\/tr><\/tbody><\/table><\/figure>\n\n\n\n<p class=\"has-larger-font-size\">Die Zusammensetzung dieser Elementfaktoren und deren spezifischen Eigenschaften bestimmen die Sinneswahrnehmungen , die Funktion und Auspr\u00e4gung der doshas (siehe unten) und die der 6 Geschmacksrichtungen.<\/p>\n<\/div><\/div><\/div>\n\n\n\n<p><\/p>\n\n\n","protected":false},"excerpt":{"rendered":"","protected":false},"author":1,"featured_media":0,"parent":744,"menu_order":0,"comment_status":"closed","ping_status":"closed","template":"","meta":{"footnotes":""},"class_list":["post-779","page","type-page","status-publish","hentry"],"translation":{"provider":"WPGlobus","version":"3.0.2","language":"de","enabled_languages":["en","pt","de"],"languages":{"en":{"title":true,"content":true,"excerpt":false},"pt":{"title":false,"content":false,"excerpt":false},"de":{"title":true,"content":true,"excerpt":false}}},"_links":{"self":[{"href":"https:\/\/ayurveda-portugal.com\/de\/wp-json\/wp\/v2\/pages\/779","targetHints":{"allow":["GET"]}}],"collection":[{"href":"https:\/\/ayurveda-portugal.com\/de\/wp-json\/wp\/v2\/pages"}],"about":[{"href":"https:\/\/ayurveda-portugal.com\/de\/wp-json\/wp\/v2\/types\/page"}],"author":[{"embeddable":true,"href":"https:\/\/ayurveda-portugal.com\/de\/wp-json\/wp\/v2\/users\/1"}],"replies":[{"embeddable":true,"href":"https:\/\/ayurveda-portugal.com\/de\/wp-json\/wp\/v2\/comments?post=779"}],"version-history":[{"count":27,"href":"https:\/\/ayurveda-portugal.com\/de\/wp-json\/wp\/v2\/pages\/779\/revisions"}],"predecessor-version":[{"id":2838,"href":"https:\/\/ayurveda-portugal.com\/de\/wp-json\/wp\/v2\/pages\/779\/revisions\/2838"}],"up":[{"embeddable":true,"href":"https:\/\/ayurveda-portugal.com\/de\/wp-json\/wp\/v2\/pages\/744"}],"wp:attachment":[{"href":"https:\/\/ayurveda-portugal.com\/de\/wp-json\/wp\/v2\/media?parent=779"}],"curies":[{"name":"wp","href":"https:\/\/api.w.org\/{rel}","templated":true}]}}