{"id":878,"date":"2022-01-30T19:40:31","date_gmt":"2022-01-30T19:40:31","guid":{"rendered":"https:\/\/ayurveda-portugal.com\/?page_id=878"},"modified":"2026-03-01T12:03:02","modified_gmt":"2026-03-01T12:03:02","slug":"integrative-medizin","status":"publish","type":"page","link":"https:\/\/ayurveda-portugal.com\/de\/integrative-medizin\/","title":{"rendered":"Integrative Medizin"},"content":{"rendered":"\n<div id=\"athemes-blocks-block-0437d5e5\" class=\"wp-block-athemes-athemes-blocks-block-container athemes-blocks-block athemes-blocks-block-0437d5e5 athemes-blocks-block-container alignfull\"><div class=\"athemes-blocks-block-container-wrapper athemes-blocks-block-container-bg-cover athemes-blocks-block-container-bg-effect-scroll\"><div class=\"athemes-blocks-block-container-wrapper-content\">\n<div class=\"wp-block-columns is-layout-flex wp-container-core-columns-is-layout-28f84493 wp-block-columns-is-layout-flex\">\n<div class=\"wp-block-column is-layout-flow wp-block-column-is-layout-flow\">\n<h3 class=\"wp-block-heading\">Integrative Medizin unterscheidet sich von der reinen Alternativ- oder Komplement\u00e4rmedizin<\/h3>\n\n\n\n<p class=\"has-larger-font-size\">Der Begriff der Integrativen Medizin wird nicht einheitlich gebraucht. Tats\u00e4chlich ist der Begriff relativ neu und hat sich vom Ansatz her aus der Komplement\u00e4r- und Alternativmedizin entwickelt. <\/p>\n\n\n\n<p class=\"has-larger-font-size\">Manche erachten den Begriff einer Integrativen Medizin als gleichbedeutend mit der Alternativ- oder der Komplement\u00e4rmedizin, oder schlichtweg als \u00fcberfl\u00fcssig, da f\u00fcr sie bereits in der Komplement\u00e4rmedizin das \u201eerg\u00e4nzende Wirken\u201c alternativmedizinischer Methoden auf der Grundlage einer evidenzbasierten Schulmedizin das Integrierende zum Ausdruck bringt. <\/p>\n\n\n\n<p class=\"has-larger-font-size\">Es geht es aber tats\u00e4chlich um deutlich mehr! N\u00e4mlich um ein wirkliches Ineinandergreifen unterschiedlicher Ans\u00e4tze, unterschiedlicher Konzepte und Perspektiven. Die Schulmedizin gew\u00e4hrt uns, was das Wirkgef\u00fcge des biologischen K\u00f6rpers angeht, sehr interessante und weitreichende Einblicke. Wir sind vielfach in der Lage sehr komplexe Zusammenh\u00e4nge zwischen Symptom und Ursache zu beschreiben (manches aber auch nicht). Dar\u00fcberhinaus erlaubt uns die Akut-Medizin und auch die Chirurgie, unser k\u00f6rperliches Leben, das wir teilweise bewusst, teilweise auch unbewusst und damit unverschuldet, an existenzielle Grenzen gebracht haben, wieder herzustellen. Die eigentlichen Ursachen der Erkrankung kann die Schulmedizin in sehr vielen F\u00e4llen aber nicht behandeln oder in die Heilung bringen. Ihr Behandlungsansatz verbleibt in der Regel auf der Symptomebene. Das ist auch nicht verwunderlich, da sie den K\u00f6rper isoliert betrachtet. In dieser Hinsicht -und das ist jetzt wichtig zu erkennen- unterscheidet sie sich im \u00dcbrigen auch <strong>nicht <\/strong>von einigen alternativmedizinischen Methoden, wie der Phytotherapie oder der klassischen Hom\u00f6opathie. <\/p>\n\n\n\n<h3 class=\"wp-block-heading\">Die Schulmedizin kann uns Zeit schenken<\/h3>\n\n\n\n<p class=\"has-larger-font-size\">Mit anderen Worten, die Schulmedizin schenkt uns Zeit. Zeit, die wir nutzen k\u00f6nnen, uns den Ursachen von Missempfinden und Krankheit zuzuwenden. Und hier beginnt f\u00fcr mich der integrative Ansatz. Integrative Medizin sucht Linderung und auch Heilung dadurch, dass sie zun\u00e4chst anerkennt, dass das Verst\u00e4ndnis von Missempfinden und Krankheit nur durch die Betrachtung des Menschen als <strong>Individuum aus K\u00f6rper, Geist, Seele und Sinnen<\/strong> gelingen kann. Missempfinden und Krankheit bedeutet <strong>immer<\/strong>, dass all die genannten Teile des Menschen involviert sind und daher betrachtet werden m\u00fcssen. Mir pers\u00f6nlich hat die Schulmedizin &#8220;beigebracht&#8221;, den K\u00f6rper des Menschen auf eine bestimmte Weise zu \u201elesen\u201c, sein biologisches Funktionieren bzw. Fehlfunktionen zu erkennen. Die diagnostischen M\u00f6glichkeiten, angefangen von einer gr\u00fcndlichen k\u00f6rperlichen Untersuchung, \u00fcber das Labor und Ultraschall und die weiteren bildgebenden Verfahren sind eine M\u00f6glichkeit sich dem Menschen zuzuwenden. Entscheidend ist dann aber nicht das \u201e<strong>Mess<\/strong>-Ergebnis\u201c, sondern dessen Interpretation in Bezug auf das Individuum. <\/p>\n\n\n\n<h3 class=\"wp-block-heading\">Aktivierung der Selbstheilungskr\u00e4fte<\/h3>\n\n\n\n<p class=\"has-larger-font-size\">Der Ayurveda und andere Heilsysteme, erlauben es mir, die Befunde auf der k\u00f6rperlichen Ebene mit den Erkenntnissen in Bezug auf die seelische, geistige Ebene und die der Sinneswahrnehmung zu kombinieren und in einen schl\u00fcssigen Sinnzusammenhang zu stellen und dem Patienten zu unterbreiten. Hierbei ist es wichtig, zu erkennen, ob der dargestellte Sinnzusammenhang dem Patienten einen Zugang zu seinem inneren Erleben herstellen kann. Tut er das nicht, dann treffen entweder die Erkenntnisse nicht zu, oder aber das Erleben des Patienten verlangt einen anderen Zugang, weil ggf. gewisse Abwehrmechanismen beim Patienten wirken. In jedem Fall stellt diese Konstellation eine besondere Herausforderung dar. Integrativ bedeutet daher auch, zusammen mit dem Patienten zu einer L\u00f6sung zu kommen. Einen Weg zu finden, den der Patient bereit ist zu gehen, <strong>um seine Selbstheilungskr\u00e4fte zu aktivieren. <\/strong><\/p>\n\n\n\n<p class=\"has-larger-font-size\"><strong><a href=\"https:\/\/ayurveda-portugal.com\/integrative-beratung-und-behandlung-fuer-kinder-jugendliche-und-erwachsene\/\" target=\"_blank\" rel=\"noreferrer noopener\">Integrative Sprechstunde f\u00fcr Kinder, Jugendliche und Erwachsene<\/a><\/strong><\/p>\n<\/div>\n<\/div>\n<\/div><\/div><\/div>\n","protected":false},"excerpt":{"rendered":"","protected":false},"author":1,"featured_media":0,"parent":0,"menu_order":0,"comment_status":"closed","ping_status":"closed","template":"","meta":{"footnotes":""},"class_list":["post-878","page","type-page","status-publish","hentry"],"translation":{"provider":"WPGlobus","version":"3.0.2","language":"de","enabled_languages":["en","pt","de"],"languages":{"en":{"title":true,"content":true,"excerpt":false},"pt":{"title":false,"content":false,"excerpt":false},"de":{"title":true,"content":true,"excerpt":false}}},"_links":{"self":[{"href":"https:\/\/ayurveda-portugal.com\/de\/wp-json\/wp\/v2\/pages\/878","targetHints":{"allow":["GET"]}}],"collection":[{"href":"https:\/\/ayurveda-portugal.com\/de\/wp-json\/wp\/v2\/pages"}],"about":[{"href":"https:\/\/ayurveda-portugal.com\/de\/wp-json\/wp\/v2\/types\/page"}],"author":[{"embeddable":true,"href":"https:\/\/ayurveda-portugal.com\/de\/wp-json\/wp\/v2\/users\/1"}],"replies":[{"embeddable":true,"href":"https:\/\/ayurveda-portugal.com\/de\/wp-json\/wp\/v2\/comments?post=878"}],"version-history":[{"count":22,"href":"https:\/\/ayurveda-portugal.com\/de\/wp-json\/wp\/v2\/pages\/878\/revisions"}],"predecessor-version":[{"id":2996,"href":"https:\/\/ayurveda-portugal.com\/de\/wp-json\/wp\/v2\/pages\/878\/revisions\/2996"}],"wp:attachment":[{"href":"https:\/\/ayurveda-portugal.com\/de\/wp-json\/wp\/v2\/media?parent=878"}],"curies":[{"name":"wp","href":"https:\/\/api.w.org\/{rel}","templated":true}]}}