{"id":2148,"date":"2024-09-30T09:23:44","date_gmt":"2024-09-30T09:23:44","guid":{"rendered":"https:\/\/ayurveda-portugal.com\/?page_id=2148"},"modified":"2024-09-30T09:34:12","modified_gmt":"2024-09-30T09:34:12","slug":"download-bereich","status":"publish","type":"page","link":"https:\/\/ayurveda-portugal.com\/pt\/download-bereich\/","title":{"rendered":"Download Bereich"},"content":{"rendered":"\n<p class=\"has-text-align-left has-larger-font-size\">Hier stelle ich verschiede pdf&#8217;s zur Verf\u00fcgung, die allgemeine oder spezielle Informationen enthalten.<br>Bitte beachten Sie, dass die Informationen keine \u00e4rztliche Konsultation ersetzen! Die Informationen k\u00f6nnen auch Fehler enthalten, insofern erfolgt keine Haftung f\u00fcr die zur Verf\u00fcgung gestellten Inhalte.<\/p>\n\n\n\n<div data-wp-interactive=\"core\/file\" class=\"wp-block-file has-color-6-background-color has-background has-link-color wp-elements-f72cf95028776a91a0e5b249144604a7\"><object data-wp-bind--hidden=\"!state.hasPdfPreview\" hidden class=\"wp-block-file__embed\" data=\"https:\/\/ayurveda-portugal.com\/wp-content\/uploads\/2024\/09\/Ayurveda-Introduction-into-an-ancient-health-and-healing-system.pdf\" type=\"application\/pdf\" style=\"width:100%;height:613px\" aria-label=\"Embed of Ayurveda - Introduction into an ancient health and healing system.\"><\/object><a id=\"wp-block-file--media-199cb4e7-0ea7-4408-9c56-d5c540068e1c\" href=\"https:\/\/ayurveda-portugal.com\/wp-content\/uploads\/2024\/09\/Ayurveda-Introduction-into-an-ancient-health-and-healing-system.pdf\" target=\"_blank\" rel=\"noreferrer noopener\">Ayurveda &#8211; Introduction into an ancient health and healing system<\/a><a href=\"https:\/\/ayurveda-portugal.com\/wp-content\/uploads\/2024\/09\/Ayurveda-Introduction-into-an-ancient-health-and-healing-system.pdf\" class=\"wp-block-file__button wp-element-button\" download aria-describedby=\"wp-block-file--media-199cb4e7-0ea7-4408-9c56-d5c540068e1c\">Herunterladen<\/a><\/div>\n\n\n\n<p><\/p>\n","protected":false},"excerpt":{"rendered":"<p>Hier stelle ich verschiede pdf&#8217;s zur Verf\u00fcgung, die allgemeine oder spezielle Informationen enthalten.Bitte beachten Sie, dass die Informationen keine \u00e4rztliche Konsultation ersetzen! Die Informationen k\u00f6nnen auch Fehler enthalten, insofern erfolgt [&hellip;]<\/p>\n","protected":false},"author":1,"featured_media":0,"parent":0,"menu_order":0,"comment_status":"closed","ping_status":"closed","template":"","meta":{"footnotes":""},"class_list":["post-2148","page","type-page","status-publish","hentry"],"translation":{"provider":"WPGlobus","version":"3.0.2","language":"pt","enabled_languages":["en","pt","de"],"languages":{"en":{"title":true,"content":true,"excerpt":false},"pt":{"title":false,"content":false,"excerpt":false},"de":{"title":false,"content":false,"excerpt":false}}},"_links":{"self":[{"href":"https:\/\/ayurveda-portugal.com\/pt\/wp-json\/wp\/v2\/pages\/2148","targetHints":{"allow":["GET"]}}],"collection":[{"href":"https:\/\/ayurveda-portugal.com\/pt\/wp-json\/wp\/v2\/pages"}],"about":[{"href":"https:\/\/ayurveda-portugal.com\/pt\/wp-json\/wp\/v2\/types\/page"}],"author":[{"embeddable":true,"href":"https:\/\/ayurveda-portugal.com\/pt\/wp-json\/wp\/v2\/users\/1"}],"replies":[{"embeddable":true,"href":"https:\/\/ayurveda-portugal.com\/pt\/wp-json\/wp\/v2\/comments?post=2148"}],"version-history":[{"count":6,"href":"https:\/\/ayurveda-portugal.com\/pt\/wp-json\/wp\/v2\/pages\/2148\/revisions"}],"predecessor-version":[{"id":2159,"href":"https:\/\/ayurveda-portugal.com\/pt\/wp-json\/wp\/v2\/pages\/2148\/revisions\/2159"}],"wp:attachment":[{"href":"https:\/\/ayurveda-portugal.com\/pt\/wp-json\/wp\/v2\/media?parent=2148"}],"curies":[{"name":"wp","href":"https:\/\/api.w.org\/{rel}","templated":true}]}}