{"id":2394,"date":"2025-02-19T13:33:54","date_gmt":"2025-02-19T13:33:54","guid":{"rendered":"https:\/\/ayurveda-portugal.com\/?page_id=2394"},"modified":"2026-03-31T16:28:25","modified_gmt":"2026-03-31T16:28:25","slug":"2394-2","status":"publish","type":"page","link":"https:\/\/ayurveda-portugal.com\/pt\/2394-2\/","title":{"rendered":"Retiros ayurv\u00e9dicos e programas terap\u00eauticos (14 ou 21 dias)"},"content":{"rendered":"\n<div class=\"wp-block-media-text alignfull is-stacked-on-mobile is-vertically-aligned-top is-image-fill-element\" style=\"margin-top:var(--wp--preset--spacing--20);margin-bottom:var(--wp--preset--spacing--20);grid-template-columns:41% auto\"><figure class=\"wp-block-media-text__media\"><img loading=\"lazy\" decoding=\"async\" width=\"500\" height=\"500\" src=\"https:\/\/ayurveda-portugal.com\/wp-content\/uploads\/2025\/02\/Ayurvedic-Retreats.png\" alt=\"\" class=\"wp-image-2349 size-full\" style=\"object-position:51% 50%\" srcset=\"https:\/\/ayurveda-portugal.com\/wp-content\/uploads\/2025\/02\/Ayurvedic-Retreats.png 500w, https:\/\/ayurveda-portugal.com\/wp-content\/uploads\/2025\/02\/Ayurvedic-Retreats-300x300.png 300w, https:\/\/ayurveda-portugal.com\/wp-content\/uploads\/2025\/02\/Ayurvedic-Retreats-150x150.png 150w, https:\/\/ayurveda-portugal.com\/wp-content\/uploads\/2025\/02\/Ayurvedic-Retreats-380x380.png 380w\" sizes=\"auto, (max-width: 500px) 100vw, 500px\" \/><\/figure><div class=\"wp-block-media-text__content\">\n<p class=\"has-background has-extra-large-font-size\" style=\"background-color:#b4d881\"><strong>Panchakarma<\/strong><br>O tratamento de <strong>purifica\u00e7\u00e3o<\/strong> Panchakarma no Ayurveda \u00e9 mais do que uma simples sequ\u00eancia de procedimentos \u2013 \u00e9 uma jornada terap\u00eautica que visa purificar o corpo e a mente desde a sua base. O termo \u201cPanchakarma\u201d deriva das cinco principais a\u00e7\u00f5es terap\u00eauticas (pancha = cinco, karma = a\u00e7\u00e3o, ato, procedimento), que s\u00e3o realizadas em conjunto com medidas preparat\u00f3rias (purva karma). O objetivo n\u00e3o \u00e9 apenas limpar o corpo, mas tamb\u00e9m restabelecer o equil\u00edbrio interno\u2026<\/p>\n<\/div><\/div>\n\n\n\n<div class=\"wp-block-media-text alignfull is-stacked-on-mobile is-vertically-aligned-top is-image-fill-element\" style=\"grid-template-columns:41% auto\"><figure class=\"wp-block-media-text__media\"><img loading=\"lazy\" decoding=\"async\" width=\"683\" height=\"1024\" src=\"https:\/\/ayurveda-portugal.com\/wp-content\/uploads\/2025\/02\/IMG_1638-683x1024.jpg\" alt=\"\" class=\"wp-image-2328 size-full\" style=\"object-position:49% 43%\" srcset=\"https:\/\/ayurveda-portugal.com\/wp-content\/uploads\/2025\/02\/IMG_1638-683x1024.jpg 683w, https:\/\/ayurveda-portugal.com\/wp-content\/uploads\/2025\/02\/IMG_1638-200x300.jpg 200w, https:\/\/ayurveda-portugal.com\/wp-content\/uploads\/2025\/02\/IMG_1638-768x1152.jpg 768w, https:\/\/ayurveda-portugal.com\/wp-content\/uploads\/2025\/02\/IMG_1638-1024x1536.jpg 1024w, https:\/\/ayurveda-portugal.com\/wp-content\/uploads\/2025\/02\/IMG_1638-920x1380.jpg 920w, https:\/\/ayurveda-portugal.com\/wp-content\/uploads\/2025\/02\/IMG_1638-575x862.jpg 575w, https:\/\/ayurveda-portugal.com\/wp-content\/uploads\/2025\/02\/IMG_1638-380x570.jpg 380w, https:\/\/ayurveda-portugal.com\/wp-content\/uploads\/2025\/02\/IMG_1638.jpg 1067w\" sizes=\"auto, (max-width: 683px) 100vw, 683px\" \/><\/figure><div class=\"wp-block-media-text__content\">\n<p class=\"has-background has-extra-large-font-size\" style=\"background-color:#b4d881\"><strong><strong>Programas de terapia ayurv\u00e9dica<\/strong><\/strong><br>Para pacientes que n\u00e3o pretendem realizar um tratamento cl\u00e1ssico de Panchakarma, ou para aqueles com doen\u00e7as cr\u00f3nicas mais complexas, para os quais o Panchakarma n\u00e3o \u00e9 recomendado, oferecemos um programa terap\u00eautico individualizado.As diferentes interven\u00e7\u00f5es e os respetivos custos s\u00e3o definidos previamente numa consulta de avalia\u00e7\u00e3o detalhada (online)\u2026<\/p>\n<\/div><\/div>\n","protected":false},"excerpt":{"rendered":"<p>PanchakarmaO tratamento de purifica\u00e7\u00e3o Panchakarma no Ayurveda \u00e9 mais do que uma simples sequ\u00eancia de procedimentos \u2013 \u00e9 uma jornada terap\u00eautica que visa purificar o corpo e a mente desde [&hellip;]<\/p>\n","protected":false},"author":1,"featured_media":0,"parent":0,"menu_order":0,"comment_status":"closed","ping_status":"closed","template":"","meta":{"footnotes":""},"class_list":["post-2394","page","type-page","status-publish","hentry"],"translation":{"provider":"WPGlobus","version":"3.0.2","language":"pt","enabled_languages":["en","pt","de"],"languages":{"en":{"title":true,"content":true,"excerpt":false},"pt":{"title":true,"content":true,"excerpt":false},"de":{"title":true,"content":true,"excerpt":false}}},"_links":{"self":[{"href":"https:\/\/ayurveda-portugal.com\/pt\/wp-json\/wp\/v2\/pages\/2394","targetHints":{"allow":["GET"]}}],"collection":[{"href":"https:\/\/ayurveda-portugal.com\/pt\/wp-json\/wp\/v2\/pages"}],"about":[{"href":"https:\/\/ayurveda-portugal.com\/pt\/wp-json\/wp\/v2\/types\/page"}],"author":[{"embeddable":true,"href":"https:\/\/ayurveda-portugal.com\/pt\/wp-json\/wp\/v2\/users\/1"}],"replies":[{"embeddable":true,"href":"https:\/\/ayurveda-portugal.com\/pt\/wp-json\/wp\/v2\/comments?post=2394"}],"version-history":[{"count":47,"href":"https:\/\/ayurveda-portugal.com\/pt\/wp-json\/wp\/v2\/pages\/2394\/revisions"}],"predecessor-version":[{"id":3260,"href":"https:\/\/ayurveda-portugal.com\/pt\/wp-json\/wp\/v2\/pages\/2394\/revisions\/3260"}],"wp:attachment":[{"href":"https:\/\/ayurveda-portugal.com\/pt\/wp-json\/wp\/v2\/media?parent=2394"}],"curies":[{"name":"wp","href":"https:\/\/api.w.org\/{rel}","templated":true}]}}