{"id":2468,"date":"2025-02-20T09:12:23","date_gmt":"2025-02-20T09:12:23","guid":{"rendered":"https:\/\/ayurveda-portugal.com\/?page_id=2468"},"modified":"2026-03-31T17:16:26","modified_gmt":"2026-03-31T17:16:26","slug":"ablauf-panchakarma-kur","status":"publish","type":"page","link":"https:\/\/ayurveda-portugal.com\/pt\/ablauf-panchakarma-kur\/","title":{"rendered":"Retiro de Panchakarma no Centro de Ayurveda Monte da Bela Vista"},"content":{"rendered":"\n<p class=\"has-larger-font-size\">O retiro de Panchakarma \u00e9 um tratamento tradicional de purifica\u00e7\u00e3o ayurv\u00e9dica. Trata-se de um processo terap\u00eautico intensivo, concebido para restabelecer o equil\u00edbrio dos doshas no organismo e ativar as capacidades de autorregula\u00e7\u00e3o e autocura do corpo. Isto \u00e9 alcan\u00e7ado atrav\u00e9s da elimina\u00e7\u00e3o dos doshas em excesso (significativamente aumentados) do sistema corporal. O tratamento \u00e9 composto por tr\u00eas fases, adaptadas individualmente \u00e0s necessidades de cada participante:<\/p>\n\n\n\n<p class=\"has-larger-font-size\">Estas fases s\u00e3o:<\/p>\n\n\n\n<details class=\"wp-block-details has-larger-font-size is-layout-flow wp-block-details-is-layout-flow\"><summary>Fase preparat\u00f3ria (Purvakarma)<\/summary>\n<p>A fase preparat\u00f3ria tem como objetivo estimular o fogo digestivo (agni) (deepana) e promover a digest\u00e3o de toxinas e res\u00edduos metab\u00f3licos no organismo (ama) (ama-pachana). Segue-se a fase de olea\u00e7\u00e3o interna e externa (snehana).<br>Recebe:<\/p>\n\n\n\n<ul class=\"wp-block-list\">\n<li>Consulta online pr\u00e9via<\/li>\n\n\n\n<li>Medica\u00e7\u00e3o preparat\u00f3ria, bem como recomenda\u00e7\u00f5es relativas \u00e0 alimenta\u00e7\u00e3o e \u00e0 rotina di\u00e1ria (idealmente iniciadas 14 dias antes)<\/li>\n\n\n\n<li><strong>Para a olea\u00e7\u00e3o externa:<\/strong> massagem corporal completa tradicional ayurv\u00e9dica (Abhyanga) com \u00f3leos medicinais de elevada qualidade provenientes da \u00cdndia<\/li>\n\n\n\n<li><strong>Para a olea\u00e7\u00e3o interna:<\/strong> ghee medicado, com a quantidade ajustada \u00e0 capacidade digestiva individual. O ghee \u00e9 preparado a partir de manteiga biol\u00f3gica e combina\u00e7\u00f5es de ervas medicinais<\/li>\n<\/ul>\n<\/details>\n\n\n\n<details class=\"wp-block-details has-larger-font-size is-layout-flow wp-block-details-is-layout-flow\"><summary>Tratamentos principais (Pradhanakarma)<\/summary>\n<p>Durante a fase principal do tratamento, s\u00e3o aplicadas todas ou uma sele\u00e7\u00e3o das terapias de Panchakarma. Estas incluem:<\/p>\n\n\n\n<ul class=\"wp-block-list\">\n<li>V\u00f3mito terap\u00eautico (Vamana)<\/li>\n\n\n\n<li>Purgante terap\u00eautico (Virechana)<\/li>\n\n\n\n<li>Enemas terap\u00eauticos (Basti)<\/li>\n\n\n\n<li>Limpeza terap\u00eautica das vias nasais e da garganta (Nasya)<\/li>\n\n\n\n<li>Sangria terap\u00eautica (Rakta Mokshana)<\/li>\n<\/ul>\n<\/details>\n\n\n\n<details class=\"wp-block-details has-larger-font-size is-layout-flow wp-block-details-is-layout-flow\"><summary><strong>Cuidados posteriores (Paschatkarma)<\/strong><\/summary>\n<p>Os tratamentos principais podem ser exigentes. Por isso, \u00e9 importante ajustar a alimenta\u00e7\u00e3o e o estilo de vida em conformidade. Durante o retiro, s\u00e3o fornecidas orienta\u00e7\u00f5es adequadas. Pode tamb\u00e9m ser recomendado um acompanhamento com medicamentos ayurv\u00e9dicos.<\/p>\n<\/details>\n\n\n\n<div style=\"height:100px\" aria-hidden=\"true\" class=\"wp-block-spacer\"><\/div>\n\n\n\n<div class=\"wp-block-buttons is-layout-flex wp-block-buttons-is-layout-flex\">\n<div class=\"wp-block-button is-style-outline is-style-outline--1\"><a class=\"wp-block-button__link has-background has-extra-large-font-size has-custom-font-size wp-element-button\" href=\"https:\/\/ayurveda-portugal.com\/terminuebersicht-2025-2026\/\" style=\"border-style:none;border-width:0px;border-radius:67px;background-color:#b4d881;font-style:normal;font-weight:800;text-transform:none\" target=\"_blank\" rel=\"noreferrer noopener\">Datas em 2026\/2027<\/a><\/div>\n<\/div>\n\n\n\n<p><\/p>\n\n\n\n<p class=\"has-extra-large-font-size\"><strong>Overview Panchkarma-Retreat Monte da Bela Vista <\/strong><\/p>\n\n\n\n<figure class=\"wp-block-table is-style-regular has-larger-font-size\" style=\"font-style:normal;font-weight:700\"><table class=\"has-text-color has-background has-link-color\" style=\"color:#280b70;background-color:#b4d881;border-width:2px\"><tbody><tr><td><strong>Dura\u00e7\u00e3o<\/strong><\/td><td><strong>14 dias<\/strong><\/td><\/tr><tr><td>A quem se destina?<\/td><td>O retiro de Panchakarma \u00e9 indicado para pessoas que desejam fortalecer o sistema imunit\u00e1rio e melhorar o seu estado geral de sa\u00fade. Pode proporcionar efeitos duradouros. Al\u00e9m disso, muitas condi\u00e7\u00f5es, sobretudo doen\u00e7as cr\u00f3nicas, podem ser abordadas de forma eficaz.<\/td><\/tr><tr><td>Onde?<\/td><td><a href=\"https:\/\/maps.app.goo.gl\/rAYizh7pXVNUDXFR8\" target=\"_blank\" rel=\"noreferrer noopener nofollow\">Cercal do Alentejo, Costa Alentejana, Portugal<\/a><\/td><\/tr><tr><td>Como chegar<\/td><td>Cercal is located about a two-hour drive south of Lisbon (airport) or north of Faro (airport). There are several daily <a href=\"https:\/\/rede-expressos.pt\/en\" target=\"_blank\" rel=\"noreferrer noopener nofollow\">bus connections<\/a> from Lisbon to Cercal or the nearby town of Porto Covo. From Faro, there is a train connection to Funcheiras (about 40 km from Cercal). From there, we can arrange a pickup.<\/td><\/tr><tr><td>Programe<\/td><td>Os tratamentos t\u00eam lugar no Centro de Terapia Ayurveda Monte da Bela Vista. Para mais detalhes sobre o hor\u00e1rio e o programa, consulte a lista mais abaixo nesta p\u00e1gina.<\/td><\/tr><tr><td>Meals<\/td><td>O retiro inclui 2 refei\u00e7\u00f5es ayurv\u00e9dicas (almo\u00e7o e jantar). Um pequeno-almo\u00e7o ligeiro \u00e9 preparado pelo pr\u00f3prio, de acordo com as nossas orienta\u00e7\u00f5es. Fornecemos os ingredientes necess\u00e1rios, que est\u00e3o inclu\u00eddos no pre\u00e7o.<\/td><\/tr><tr><td><strong>Alojamento<\/strong><\/td><td>O Ayurveda Monte da Bela Vista \u00e9 um centro de terapia dedicado, onde decorrem os tratamentos e as refei\u00e7\u00f5es principais. O alojamento \u00e9 assegurado no Turismo Rural Ares do Monte, situado a cerca de 10 minutos a p\u00e9.<\/td><\/tr><tr><td>Costs<\/td><td>O custo do programa \u00e9 de 3.590 \u20ac para quarto individual ou 3.360 \u20ac por pessoa em quarto duplo, incluindo as refei\u00e7\u00f5es (conforme descrito acima). Para mais informa\u00e7\u00f5es, consulte a sec\u00e7\u00e3o \u201cCustos\u201d no final da p\u00e1gina.<\/td><\/tr><\/tbody><\/table><\/figure>\n\n\n\n<div style=\"height:100px\" aria-hidden=\"true\" class=\"wp-block-spacer\"><\/div>\n\n\n\n<p class=\"has-larger-font-size\" style=\"font-style:normal;font-weight:700\">Detalhes dos servi\u00e7os do retiro<\/p>\n\n\n\n<div class=\"wp-block-columns is-layout-flex wp-container-core-columns-is-layout-28f84493 wp-block-columns-is-layout-flex\">\n<div class=\"wp-block-column is-layout-flow wp-block-column-is-layout-flow\" style=\"flex-basis:50%\">\n<ul class=\"wp-block-list has-larger-font-size\">\n<li class=\"has-larger-font-size\">Prepara\u00e7\u00e3o em casa*<\/li>\n\n\n\n<li>Um total de aprox. 20 tratamentos:\n<ul class=\"wp-block-list\">\n<li>Olea\u00e7\u00e3o interna com ghee*<\/li>\n\n\n\n<li><strong>Olea\u00e7\u00e3o externa*:<\/strong> 10x massagens ayurv\u00e9dicas cl\u00e1ssicas de corpo inteiro com \u00f3leo (Abhyanga), utilizando \u00f3leos aut\u00eanticos da \u00cdndia. Em 2 sess\u00f5es, segue-se um tratamento de suda\u00e7\u00e3o numa c\u00e2mara de vapor tradicional (Swedana).<\/li>\n\n\n\n<li><strong>Tratamentos principais*:<\/strong> Dependendo das necessidades individuais e da avalia\u00e7\u00e3o terap\u00eautica, s\u00e3o realizados os cinco tratamentos principais: Vamana (v\u00f3mito terap\u00eautico), Virechana (purgante terap\u00eautico), 5x Anu Vasti (enemas nutritivos com \u00f3leo), 2x Niruha Vasti (enemas de limpeza com decoc\u00e7\u00e3o), 4x Nasya (tratamentos nasais de limpeza) com Anu Tailam (\u00f3leo nasal medicado espec\u00edfico), incluindo uma massagem facial de 15 minutos.<\/li>\n\n\n\n<li><strong>Tratamentos adicionais**:<\/strong> Por exemplo, Shiro Dhara (aplica\u00e7\u00e3o cont\u00ednua de \u00f3leo na testa), Shiro Abhyanga (massagem ayurv\u00e9dica da cabe\u00e7a\/face), Patra Pinda Sweda (massagem com saquetas de ervas) e outros tratamentos espec\u00edficos como Dhanyamla Dhara (aplica\u00e7\u00e3o de l\u00edquido terap\u00eautico em todo o corpo), com o objetivo de reduzir Ama (toxinas) e equilibrar Pitta em condi\u00e7\u00f5es inflamat\u00f3rias cr\u00f3nicas do sistema musculoesquel\u00e9tico.<\/li>\n<\/ul>\n<\/li>\n\n\n\n<li><strong>3x por semana:<\/strong> sess\u00e3o de Yoga ou Pranayama (adequada tamb\u00e9m para iniciantes)**<\/li>\n\n\n\n<li><strong>Refei\u00e7\u00f5es ayurv\u00e9dicas de Panchakarma*:<\/strong> almo\u00e7o e jantar di\u00e1rios, adaptados \u00e0s necessidades durante o tratamento.<\/li>\n\n\n\n<li class=\"has-larger-font-size\" style=\"font-style:normal;font-weight:400\"><strong>Medica\u00e7\u00e3o ayurv\u00e9dica*:<\/strong> suporte medicamentoso di\u00e1rio ao longo de todo o programa.<\/li>\n<\/ul>\n\n\n\n<p>*inclu\u00eddo no pre\u00e7o indicado. Servi\u00e7os adicionais podem ser reservados separadamente<br>** n\u00e3o inclu\u00eddo no pre\u00e7o indicado<\/p>\n<\/div>\n\n\n\n<div class=\"wp-block-column is-layout-flow wp-block-column-is-layout-flow\" style=\"flex-basis:50%\">\n<figure class=\"wp-block-image size-full\"><img loading=\"lazy\" decoding=\"async\" width=\"1500\" height=\"2100\" src=\"https:\/\/ayurveda-portugal.com\/wp-content\/uploads\/2025\/02\/Design-ohne-Titel.png\" alt=\"\" class=\"wp-image-2569\" srcset=\"https:\/\/ayurveda-portugal.com\/wp-content\/uploads\/2025\/02\/Design-ohne-Titel.png 1500w, https:\/\/ayurveda-portugal.com\/wp-content\/uploads\/2025\/02\/Design-ohne-Titel-214x300.png 214w, https:\/\/ayurveda-portugal.com\/wp-content\/uploads\/2025\/02\/Design-ohne-Titel-731x1024.png 731w, https:\/\/ayurveda-portugal.com\/wp-content\/uploads\/2025\/02\/Design-ohne-Titel-768x1075.png 768w, https:\/\/ayurveda-portugal.com\/wp-content\/uploads\/2025\/02\/Design-ohne-Titel-1097x1536.png 1097w, https:\/\/ayurveda-portugal.com\/wp-content\/uploads\/2025\/02\/Design-ohne-Titel-1463x2048.png 1463w, https:\/\/ayurveda-portugal.com\/wp-content\/uploads\/2025\/02\/Design-ohne-Titel-1140x1596.png 1140w, https:\/\/ayurveda-portugal.com\/wp-content\/uploads\/2025\/02\/Design-ohne-Titel-920x1288.png 920w, https:\/\/ayurveda-portugal.com\/wp-content\/uploads\/2025\/02\/Design-ohne-Titel-575x805.png 575w, https:\/\/ayurveda-portugal.com\/wp-content\/uploads\/2025\/02\/Design-ohne-Titel-380x532.png 380w\" sizes=\"auto, (max-width: 1500px) 100vw, 1500px\" \/><\/figure>\n<\/div>\n<\/div>\n\n\n\n<div class=\"wp-block-cover is-light is-repeated has-color-6-color has-text-color has-link-color wp-elements-73af7786b280f45ad0565b03dbd702ac\" style=\"margin-top:var(--wp--preset--spacing--20);margin-bottom:var(--wp--preset--spacing--20)\"><div class=\"wp-block-cover__image-background wp-image-2498 is-repeated\" style=\"background-position:33% 51%;background-image:url(https:\/\/ayurveda-portugal.com\/wp-content\/uploads\/2025\/02\/53dc665856d9.jpg)\"><\/div><span aria-hidden=\"true\" class=\"wp-block-cover__background has-background-dim-30 has-background-dim\" style=\"background-color:#8b96a8\"><\/span><div class=\"wp-block-cover__inner-container is-layout-constrained wp-block-cover-is-layout-constrained\">\n<p class=\"has-text-align-center has-color-6-color has-text-color has-link-color has-huge-font-size wp-elements-03e0de7782f7e4c57d013377f4b85da0\" style=\"font-style:normal;font-weight:800\"><a href=\"https:\/\/ayurveda-portugal.com\/en\/unterkunft\/\" target=\"_blank\" rel=\"noreferrer noopener\">O seu alojamento<\/a><\/p>\n<\/div><\/div>\n\n\n\n<p><\/p>\n\n\n\n<p class=\"has-larger-font-size\"><strong>Pre\u00e7os<\/strong><br>O custo de um retiro de Panchakarma de 14 dias \u00e9 de 3.590 \u20ac por pessoa em quarto individual (de outubro a abril) ou 3.360 \u20ac por pessoa em quarto duplo partilhado (de outubro a abril). O valor do alojamento \u00e9 pago no momento da reserva. Para o programa terap\u00eautico, solicitamos um pagamento de 50% no momento da reserva e os restantes 50% at\u00e9 uma semana antes do in\u00edcio do retiro.<\/p>\n\n\n\n<p class=\"has-larger-font-size\"><strong>Reserva<\/strong><br>Para mais informa\u00e7\u00f5es ou para efetuar uma reserva, por favor contacte-nos por email: <a>info@ayurveda-portugal.com<\/a> ou por telefone: +49 1726701899 (tamb\u00e9m WhatsApp) ou +351 924344441 (tamb\u00e9m Telegram).<\/p>\n\n\n\n<div class=\"wp-block-buttons is-layout-flex wp-block-buttons-is-layout-flex\">\n<div class=\"wp-block-button is-style-outline is-style-outline--2\"><a class=\"wp-block-button__link has-background has-extra-large-font-size has-custom-font-size wp-element-button\" href=\"https:\/\/ayurveda-portugal.com\/terminuebersicht-2025-2026\/\" style=\"border-style:none;border-width:0px;border-radius:67px;background-color:#b4d881;font-style:normal;font-weight:800;text-transform:none\" target=\"_blank\" rel=\"noreferrer noopener\">Datas em 2026\/2027<\/a><\/div>\n<\/div>\n\n\n\n<p><\/p>\n","protected":false},"excerpt":{"rendered":"<p>O retiro de Panchakarma \u00e9 um tratamento tradicional de purifica\u00e7\u00e3o ayurv\u00e9dica. Trata-se de um processo terap\u00eautico intensivo, concebido para restabelecer o equil\u00edbrio dos doshas no organismo e ativar as capacidades [&hellip;]<\/p>\n","protected":false},"author":1,"featured_media":0,"parent":0,"menu_order":0,"comment_status":"closed","ping_status":"closed","template":"","meta":{"footnotes":""},"class_list":["post-2468","page","type-page","status-publish","hentry"],"translation":{"provider":"WPGlobus","version":"3.0.2","language":"pt","enabled_languages":["en","pt","de"],"languages":{"en":{"title":true,"content":true,"excerpt":false},"pt":{"title":true,"content":true,"excerpt":false},"de":{"title":true,"content":true,"excerpt":false}}},"_links":{"self":[{"href":"https:\/\/ayurveda-portugal.com\/pt\/wp-json\/wp\/v2\/pages\/2468","targetHints":{"allow":["GET"]}}],"collection":[{"href":"https:\/\/ayurveda-portugal.com\/pt\/wp-json\/wp\/v2\/pages"}],"about":[{"href":"https:\/\/ayurveda-portugal.com\/pt\/wp-json\/wp\/v2\/types\/page"}],"author":[{"embeddable":true,"href":"https:\/\/ayurveda-portugal.com\/pt\/wp-json\/wp\/v2\/users\/1"}],"replies":[{"embeddable":true,"href":"https:\/\/ayurveda-portugal.com\/pt\/wp-json\/wp\/v2\/comments?post=2468"}],"version-history":[{"count":109,"href":"https:\/\/ayurveda-portugal.com\/pt\/wp-json\/wp\/v2\/pages\/2468\/revisions"}],"predecessor-version":[{"id":3273,"href":"https:\/\/ayurveda-portugal.com\/pt\/wp-json\/wp\/v2\/pages\/2468\/revisions\/3273"}],"wp:attachment":[{"href":"https:\/\/ayurveda-portugal.com\/pt\/wp-json\/wp\/v2\/media?parent=2468"}],"curies":[{"name":"wp","href":"https:\/\/api.w.org\/{rel}","templated":true}]}}