{"id":3041,"date":"2026-03-24T12:49:14","date_gmt":"2026-03-24T12:49:14","guid":{"rendered":"https:\/\/ayurveda-portugal.com\/?page_id=3041"},"modified":"2026-03-27T17:40:49","modified_gmt":"2026-03-27T17:40:49","slug":"consultations","status":"publish","type":"page","link":"https:\/\/ayurveda-portugal.com\/pt\/consultations\/","title":{"rendered":"Consultas M\u00e9dicas"},"content":{"rendered":"\n<div class=\"wp-block-cover aligncenter has-aspect-ratio wp-duotone-unset-1\" style=\"border-style:none;border-width:0px;border-top-left-radius:0px;border-top-right-radius:0px;border-bottom-left-radius:0px;border-bottom-right-radius:0px;margin-top:0.6rem;margin-bottom:0.6rem;aspect-ratio:auto;min-height:unset;\"><img loading=\"lazy\" decoding=\"async\" width=\"683\" height=\"1024\" class=\"wp-block-cover__image-background wp-image-3048 size-large\" alt=\"\" src=\"https:\/\/ayurveda-portugal.com\/wp-content\/uploads\/2026\/03\/IMG_1767-683x1024.jpg\" style=\"object-position:44% 55%\" data-object-fit=\"cover\" data-object-position=\"44% 55%\" srcset=\"https:\/\/ayurveda-portugal.com\/wp-content\/uploads\/2026\/03\/IMG_1767-683x1024.jpg 683w, https:\/\/ayurveda-portugal.com\/wp-content\/uploads\/2026\/03\/IMG_1767-200x300.jpg 200w, https:\/\/ayurveda-portugal.com\/wp-content\/uploads\/2026\/03\/IMG_1767-768x1152.jpg 768w, https:\/\/ayurveda-portugal.com\/wp-content\/uploads\/2026\/03\/IMG_1767-1024x1536.jpg 1024w, https:\/\/ayurveda-portugal.com\/wp-content\/uploads\/2026\/03\/IMG_1767-920x1380.jpg 920w, https:\/\/ayurveda-portugal.com\/wp-content\/uploads\/2026\/03\/IMG_1767-575x862.jpg 575w, https:\/\/ayurveda-portugal.com\/wp-content\/uploads\/2026\/03\/IMG_1767-380x570.jpg 380w, https:\/\/ayurveda-portugal.com\/wp-content\/uploads\/2026\/03\/IMG_1767.jpg 1067w\" sizes=\"auto, (max-width: 683px) 100vw, 683px\" \/><span aria-hidden=\"true\" class=\"wp-block-cover__background has-background-dim-60 has-background-dim\" style=\"background-color:#4e574d\"><\/span><div class=\"wp-block-cover__inner-container is-layout-constrained wp-container-core-cover-is-layout-3fa6daa8 wp-block-cover-is-layout-constrained\">\n<p class=\"has-text-align-center has-extra-large-font-size\" style=\"font-style:normal;font-weight:400\">Ofere\u00e7o consultas m\u00e9dicas com diferentes enfoques \u2013 desde medicina geral e pediatria convencionais at\u00e9 cuidados integrativos e ayurv\u00e9dicos.<\/p>\n\n\n\n<p class=\"has-text-align-center has-extra-large-font-size\" style=\"font-style:normal;font-weight:400\">O objetivo \u00e9 proporcionar um acompanhamento s\u00f3lido e individualizado, adaptado \u00e0s preocupa\u00e7\u00f5es, \u00e0 situa\u00e7\u00e3o de vida e \u00e0s necessidades m\u00e9dicas de cada paciente.<\/p>\n<\/div><\/div>\n\n\n\n<div class=\"wp-block-columns is-layout-flex wp-container-core-columns-is-layout-c20f6e75 wp-block-columns-is-layout-flex\">\n<div class=\"wp-block-column is-layout-flow wp-block-column-is-layout-flow\" style=\"flex-basis:25%\">\n<figure class=\"wp-block-image size-full\"><img loading=\"lazy\" decoding=\"async\" width=\"433\" height=\"577\" src=\"https:\/\/ayurveda-portugal.com\/wp-content\/uploads\/2026\/03\/IMG_20220201_164615-removebg-preview.png\" alt=\"\" class=\"wp-image-3073\" style=\"aspect-ratio:2\/3;object-fit:cover\" srcset=\"https:\/\/ayurveda-portugal.com\/wp-content\/uploads\/2026\/03\/IMG_20220201_164615-removebg-preview.png 433w, https:\/\/ayurveda-portugal.com\/wp-content\/uploads\/2026\/03\/IMG_20220201_164615-removebg-preview-225x300.png 225w, https:\/\/ayurveda-portugal.com\/wp-content\/uploads\/2026\/03\/IMG_20220201_164615-removebg-preview-380x506.png 380w\" sizes=\"auto, (max-width: 433px) 100vw, 433px\" \/><\/figure>\n\n\n\n<h2 class=\"wp-block-heading has-text-align-left\">Ayurveda<\/h2>\n\n\n\n<p class=\"has-text-align-left has-larger-font-size\">Avalia\u00e7\u00e3o e acompanhamento de condi\u00e7\u00f5es cr\u00f3nicas com base na hist\u00f3ria individual, na constitui\u00e7\u00e3o e nos fatores de estilo de vida.<\/p>\n\n\n\n<p class=\"has-text-align-left has-larger-font-size\">Planos de tratamento personalizados que incluem nutri\u00e7\u00e3o, fitoterapia e ajustes espec\u00edficos do estilo de vida.<\/p>\n\n\n\n<div class=\"wp-block-buttons is-content-justification-left is-layout-flex wp-container-core-buttons-is-layout-6a42c07d wp-block-buttons-is-layout-flex\">\n<div class=\"wp-block-button is-style-outline is-style-outline--2\"><a class=\"wp-block-button__link has-color-6-background-color has-background has-border-color has-color-6-border-color has-larger-font-size has-custom-font-size wp-element-button\" href=\"https:\/\/ayurveda-portugal.com\/pt\/ayurveda-consultation\/\" style=\"font-style:normal;font-weight:700;text-transform:capitalize\" target=\"_blank\" rel=\"noreferrer noopener\">Saiba Mais&#8230;<\/a><\/div>\n<\/div>\n<\/div>\n\n\n\n<div class=\"wp-block-column is-layout-flow wp-block-column-is-layout-flow\" style=\"flex-basis:25%\">\n<figure class=\"wp-block-image size-large\"><img loading=\"lazy\" decoding=\"async\" width=\"683\" height=\"1024\" src=\"https:\/\/ayurveda-portugal.com\/wp-content\/uploads\/2026\/03\/IMG_1766-683x1024.jpg\" alt=\"\" class=\"wp-image-3044\" srcset=\"https:\/\/ayurveda-portugal.com\/wp-content\/uploads\/2026\/03\/IMG_1766-683x1024.jpg 683w, https:\/\/ayurveda-portugal.com\/wp-content\/uploads\/2026\/03\/IMG_1766-200x300.jpg 200w, https:\/\/ayurveda-portugal.com\/wp-content\/uploads\/2026\/03\/IMG_1766-768x1152.jpg 768w, https:\/\/ayurveda-portugal.com\/wp-content\/uploads\/2026\/03\/IMG_1766-1024x1536.jpg 1024w, https:\/\/ayurveda-portugal.com\/wp-content\/uploads\/2026\/03\/IMG_1766-920x1380.jpg 920w, https:\/\/ayurveda-portugal.com\/wp-content\/uploads\/2026\/03\/IMG_1766-575x862.jpg 575w, https:\/\/ayurveda-portugal.com\/wp-content\/uploads\/2026\/03\/IMG_1766-380x570.jpg 380w, https:\/\/ayurveda-portugal.com\/wp-content\/uploads\/2026\/03\/IMG_1766.jpg 1067w\" sizes=\"auto, (max-width: 683px) 100vw, 683px\" \/><\/figure>\n\n\n\n<h2 class=\"wp-block-heading has-text-align-left\">Medicina Integrativa<\/h2>\n\n\n\n<p class=\"has-text-align-left has-larger-font-size\">Uma combina\u00e7\u00e3o estruturada e pragm\u00e1tica de medicina baseada na evid\u00eancia com abordagens complementares selecionadas.<br><\/p>\n\n\n\n<div class=\"wp-block-buttons is-content-justification-left is-layout-flex wp-container-core-buttons-is-layout-6a42c07d wp-block-buttons-is-layout-flex\">\n<div class=\"wp-block-button is-style-outline is-style-outline--3\"><a class=\"wp-block-button__link has-color-6-background-color has-background has-border-color has-color-6-border-color has-larger-font-size has-custom-font-size wp-element-button\" href=\"https:\/\/ayurveda-portugal.com\/pt\/integrative-medicine\/\" style=\"font-style:normal;font-weight:700;text-transform:capitalize\" target=\"_blank\" rel=\"noreferrer noopener\">Saiba Mais&#8230;<\/a><\/div>\n<\/div>\n<\/div>\n\n\n\n<div class=\"wp-block-column is-layout-flow wp-block-column-is-layout-flow\" style=\"flex-basis:25%\">\n<figure class=\"wp-block-image size-large\"><img loading=\"lazy\" decoding=\"async\" width=\"683\" height=\"1024\" src=\"https:\/\/ayurveda-portugal.com\/wp-content\/uploads\/2026\/03\/pexels-yankrukov-5791389-683x1024.jpg\" alt=\"\" class=\"wp-image-3082\" srcset=\"https:\/\/ayurveda-portugal.com\/wp-content\/uploads\/2026\/03\/pexels-yankrukov-5791389-683x1024.jpg 683w, https:\/\/ayurveda-portugal.com\/wp-content\/uploads\/2026\/03\/pexels-yankrukov-5791389-200x300.jpg 200w, https:\/\/ayurveda-portugal.com\/wp-content\/uploads\/2026\/03\/pexels-yankrukov-5791389-768x1152.jpg 768w, https:\/\/ayurveda-portugal.com\/wp-content\/uploads\/2026\/03\/pexels-yankrukov-5791389-1024x1536.jpg 1024w, https:\/\/ayurveda-portugal.com\/wp-content\/uploads\/2026\/03\/pexels-yankrukov-5791389-1365x2048.jpg 1365w, https:\/\/ayurveda-portugal.com\/wp-content\/uploads\/2026\/03\/pexels-yankrukov-5791389-1140x1710.jpg 1140w, https:\/\/ayurveda-portugal.com\/wp-content\/uploads\/2026\/03\/pexels-yankrukov-5791389-920x1380.jpg 920w, https:\/\/ayurveda-portugal.com\/wp-content\/uploads\/2026\/03\/pexels-yankrukov-5791389-575x863.jpg 575w, https:\/\/ayurveda-portugal.com\/wp-content\/uploads\/2026\/03\/pexels-yankrukov-5791389-380x570.jpg 380w, https:\/\/ayurveda-portugal.com\/wp-content\/uploads\/2026\/03\/pexels-yankrukov-5791389-scaled.jpg 1707w\" sizes=\"auto, (max-width: 683px) 100vw, 683px\" \/><\/figure>\n\n\n\n<h2 class=\"wp-block-heading\">Clinica Geral<\/h2>\n\n\n\n<p class=\"has-larger-font-size\">Cuidados m\u00e9dicos abrangentes para adultos e fam\u00edlias, cobrindo uma ampla variedade de condi\u00e7\u00f5es.<\/p>\n\n\n\n<p class=\"has-larger-font-size\">Diagn\u00f3stico, tratamento e acompanhamento a longo prazo de doen\u00e7as agudas e cr\u00f3nicas.<\/p>\n\n\n\n<div class=\"wp-block-buttons is-content-justification-left is-layout-flex wp-container-core-buttons-is-layout-6a42c07d wp-block-buttons-is-layout-flex\">\n<div class=\"wp-block-button is-style-outline is-style-outline--4\"><a class=\"wp-block-button__link has-color-6-background-color has-background has-border-color has-color-6-border-color has-larger-font-size has-custom-font-size wp-element-button\" href=\"https:\/\/ayurveda-portugal.com\/pt\/general-family-medicine\/\" style=\"font-style:normal;font-weight:700;text-transform:capitalize\" target=\"_blank\" rel=\"noreferrer noopener\">Saiba Mais&#8230;<\/a><\/div>\n<\/div>\n<\/div>\n\n\n\n<div class=\"wp-block-column is-layout-flow wp-block-column-is-layout-flow\" style=\"flex-basis:25%\">\n<figure class=\"wp-block-image size-large\"><img loading=\"lazy\" decoding=\"async\" width=\"803\" height=\"1024\" src=\"https:\/\/ayurveda-portugal.com\/wp-content\/uploads\/2026\/03\/pexels-cottonbro-5867700-803x1024.jpg\" alt=\"\" class=\"wp-image-3077\" srcset=\"https:\/\/ayurveda-portugal.com\/wp-content\/uploads\/2026\/03\/pexels-cottonbro-5867700-803x1024.jpg 803w, https:\/\/ayurveda-portugal.com\/wp-content\/uploads\/2026\/03\/pexels-cottonbro-5867700-235x300.jpg 235w, https:\/\/ayurveda-portugal.com\/wp-content\/uploads\/2026\/03\/pexels-cottonbro-5867700-768x980.jpg 768w, https:\/\/ayurveda-portugal.com\/wp-content\/uploads\/2026\/03\/pexels-cottonbro-5867700-1204x1536.jpg 1204w, https:\/\/ayurveda-portugal.com\/wp-content\/uploads\/2026\/03\/pexels-cottonbro-5867700-1606x2048.jpg 1606w, https:\/\/ayurveda-portugal.com\/wp-content\/uploads\/2026\/03\/pexels-cottonbro-5867700-1140x1454.jpg 1140w, https:\/\/ayurveda-portugal.com\/wp-content\/uploads\/2026\/03\/pexels-cottonbro-5867700-920x1174.jpg 920w, https:\/\/ayurveda-portugal.com\/wp-content\/uploads\/2026\/03\/pexels-cottonbro-5867700-575x733.jpg 575w, https:\/\/ayurveda-portugal.com\/wp-content\/uploads\/2026\/03\/pexels-cottonbro-5867700-380x485.jpg 380w, https:\/\/ayurveda-portugal.com\/wp-content\/uploads\/2026\/03\/pexels-cottonbro-5867700-scaled.jpg 2007w\" sizes=\"auto, (max-width: 803px) 100vw, 803px\" \/><\/figure>\n\n\n\n<h2 class=\"wp-block-heading\">Crian\u00e7as e Adolescentes<\/h2>\n\n\n\n<p class=\"has-larger-font-size\">Cuidados m\u00e9dicos para crian\u00e7as e adolescentes, adaptados \u00e0 sua fase de desenvolvimento.<\/p>\n\n\n\n<p class=\"has-larger-font-size\">Diagn\u00f3stico e acompanhamento de condi\u00e7\u00f5es agudas e cr\u00f3nicas, incluindo avalia\u00e7\u00f5es regulares do desenvolvimento, num ambiente calmo e estruturado.<\/p>\n\n\n\n<div class=\"wp-block-buttons is-content-justification-left is-layout-flex wp-container-core-buttons-is-layout-6a42c07d wp-block-buttons-is-layout-flex\">\n<div class=\"wp-block-button is-style-outline is-style-outline--5\"><a class=\"wp-block-button__link has-color-6-background-color has-background has-border-color has-color-6-border-color has-larger-font-size has-custom-font-size wp-element-button\" href=\"https:\/\/ayurveda-portugal.com\/pt\/children-adolescents-medicine\/\" style=\"font-style:normal;font-weight:700;text-transform:capitalize\" target=\"_blank\" rel=\"noreferrer noopener\">Saiba Mais&#8230;<\/a><\/div>\n<\/div>\n<\/div>\n<\/div>\n\n\n\n<p><\/p>\n","protected":false},"excerpt":{"rendered":"<p>Ayurveda Avalia\u00e7\u00e3o e acompanhamento de condi\u00e7\u00f5es cr\u00f3nicas com base na hist\u00f3ria individual, na constitui\u00e7\u00e3o e nos fatores de estilo de vida. Planos de tratamento personalizados que incluem nutri\u00e7\u00e3o, fitoterapia e [&hellip;]<\/p>\n","protected":false},"author":1,"featured_media":0,"parent":0,"menu_order":0,"comment_status":"closed","ping_status":"closed","template":"","meta":{"footnotes":""},"class_list":["post-3041","page","type-page","status-publish","hentry"],"translation":{"provider":"WPGlobus","version":"3.0.2","language":"pt","enabled_languages":["en","pt","de"],"languages":{"en":{"title":true,"content":true,"excerpt":false},"pt":{"title":true,"content":true,"excerpt":false},"de":{"title":true,"content":false,"excerpt":false}}},"_links":{"self":[{"href":"https:\/\/ayurveda-portugal.com\/pt\/wp-json\/wp\/v2\/pages\/3041","targetHints":{"allow":["GET"]}}],"collection":[{"href":"https:\/\/ayurveda-portugal.com\/pt\/wp-json\/wp\/v2\/pages"}],"about":[{"href":"https:\/\/ayurveda-portugal.com\/pt\/wp-json\/wp\/v2\/types\/page"}],"author":[{"embeddable":true,"href":"https:\/\/ayurveda-portugal.com\/pt\/wp-json\/wp\/v2\/users\/1"}],"replies":[{"embeddable":true,"href":"https:\/\/ayurveda-portugal.com\/pt\/wp-json\/wp\/v2\/comments?post=3041"}],"version-history":[{"count":57,"href":"https:\/\/ayurveda-portugal.com\/pt\/wp-json\/wp\/v2\/pages\/3041\/revisions"}],"predecessor-version":[{"id":3226,"href":"https:\/\/ayurveda-portugal.com\/pt\/wp-json\/wp\/v2\/pages\/3041\/revisions\/3226"}],"wp:attachment":[{"href":"https:\/\/ayurveda-portugal.com\/pt\/wp-json\/wp\/v2\/media?parent=3041"}],"curies":[{"name":"wp","href":"https:\/\/api.w.org\/{rel}","templated":true}]}}