{"id":3085,"date":"2026-03-25T15:18:01","date_gmt":"2026-03-25T15:18:01","guid":{"rendered":"https:\/\/ayurveda-portugal.com\/?page_id=3085"},"modified":"2026-03-27T16:15:23","modified_gmt":"2026-03-27T16:15:23","slug":"ayurveda-consultation","status":"publish","type":"page","link":"https:\/\/ayurveda-portugal.com\/pt\/ayurveda-consultation\/","title":{"rendered":"Consultas Ayurvedicas"},"content":{"rendered":"\n<div class=\"wp-block-columns is-layout-flex wp-container-core-columns-is-layout-28f84493 wp-block-columns-is-layout-flex\">\n<div class=\"wp-block-column is-layout-flow wp-block-column-is-layout-flow\" style=\"flex-basis:50%\">\n<figure class=\"wp-block-image size-full is-resized\"><img loading=\"lazy\" decoding=\"async\" width=\"433\" height=\"577\" src=\"https:\/\/ayurveda-portugal.com\/wp-content\/uploads\/2026\/03\/IMG_20220201_164615-removebg-preview.png\" alt=\"\" class=\"wp-image-3073\" style=\"width:349px;height:auto\" srcset=\"https:\/\/ayurveda-portugal.com\/wp-content\/uploads\/2026\/03\/IMG_20220201_164615-removebg-preview.png 433w, https:\/\/ayurveda-portugal.com\/wp-content\/uploads\/2026\/03\/IMG_20220201_164615-removebg-preview-225x300.png 225w, https:\/\/ayurveda-portugal.com\/wp-content\/uploads\/2026\/03\/IMG_20220201_164615-removebg-preview-380x506.png 380w\" sizes=\"auto, (max-width: 433px) 100vw, 433px\" \/><\/figure>\n<\/div>\n\n\n\n<div class=\"wp-block-column is-layout-flow wp-block-column-is-layout-flow\" style=\"flex-basis:50%\">\n<ul class=\"wp-block-list\">\n<li class=\"has-extra-large-font-size\">Foco em doen\u00e7as cr\u00f3nicas e nas chamadas perturba\u00e7\u00f5es funcionais<\/li>\n\n\n\n<li class=\"has-extra-large-font-size\">Orienta\u00e7\u00e3o nutricional individualizada<\/li>\n\n\n\n<li class=\"has-extra-large-font-size\">Utiliza\u00e7\u00e3o de fitoterapia quando apropriado<\/li>\n\n\n\n<li class=\"has-extra-large-font-size\">Ajustes estruturados do estilo de vida<\/li>\n\n\n\n<li class=\"has-extra-large-font-size\">Opcionalmente online<\/li>\n<\/ul>\n<\/div>\n<\/div>\n\n\n\n<p class=\"has-larger-font-size\">A consulta de Ayurveda centra-se na avalia\u00e7\u00e3o e no acompanhamento de condi\u00e7\u00f5es cr\u00f3nicas e funcionais com base nos princ\u00edpios ayurv\u00e9dicos e na avalia\u00e7\u00e3o m\u00e9dica. O Ayurveda oferece abordagens terap\u00eauticas estruturadas que podem conduzir a melhorias significativas e sustentadas em doen\u00e7as cr\u00f3nicas, reduzindo frequentemente a necessidade de medica\u00e7\u00e3o sintom\u00e1tica a longo prazo. A consulta inclui uma avalia\u00e7\u00e3o detalhada dos sintomas atuais, do historial cl\u00ednico, da constitui\u00e7\u00e3o (dosha), da alimenta\u00e7\u00e3o e do estilo de vida. Com base nisso, \u00e9 elaborado um plano de tratamento personalizado. <br>No entanto: especialmente em doen\u00e7as cr\u00f3nicas, esta abordagem exige paci\u00eancia, consist\u00eancia e disponibilidade para implementar mudan\u00e7as pr\u00e1ticas nos h\u00e1bitos di\u00e1rios. A melhoria pode ser gradual e depende da participa\u00e7\u00e3o ativa do paciente.<\/p>\n\n\n\n<h5 class=\"wp-block-heading\">Marca\u00e7\u00f5es e Honor\u00e1rios<\/h5>\n\n\n\n<p class=\"has-larger-font-size\">Dura\u00e7\u00e3o da consulta: aproximadamente 60\u201390 minutos<\/p>\n\n\n\n<p class=\"has-larger-font-size\"><strong>Honor\u00e1rios<\/strong>: 70 \u20ac (online 90 \u20ac)<\/p>\n\n\n\n<p class=\"has-larger-font-size\">Marca\u00e7\u00f5es por telefone, WhatsApp ou email:<br>+351 924 344 441 or +49 172 6701899 (WhatsApp), <a href=\"mailto:info@ayurveda-portugal.com\" target=\"_blank\" rel=\"noreferrer noopener\">info@ayurveda-portugal.com<\/a><br><\/p>\n\n\n\n\n\n<p><\/p>\n","protected":false},"excerpt":{"rendered":"<p>A consulta de Ayurveda centra-se na avalia\u00e7\u00e3o e no acompanhamento de condi\u00e7\u00f5es cr\u00f3nicas e funcionais com base nos princ\u00edpios ayurv\u00e9dicos e na avalia\u00e7\u00e3o m\u00e9dica. O Ayurveda oferece abordagens terap\u00eauticas estruturadas [&hellip;]<\/p>\n","protected":false},"author":1,"featured_media":0,"parent":0,"menu_order":0,"comment_status":"closed","ping_status":"closed","template":"","meta":{"footnotes":""},"class_list":["post-3085","page","type-page","status-publish","hentry"],"translation":{"provider":"WPGlobus","version":"3.0.2","language":"pt","enabled_languages":["en","pt","de"],"languages":{"en":{"title":true,"content":true,"excerpt":false},"pt":{"title":true,"content":true,"excerpt":false},"de":{"title":false,"content":false,"excerpt":false}}},"_links":{"self":[{"href":"https:\/\/ayurveda-portugal.com\/pt\/wp-json\/wp\/v2\/pages\/3085","targetHints":{"allow":["GET"]}}],"collection":[{"href":"https:\/\/ayurveda-portugal.com\/pt\/wp-json\/wp\/v2\/pages"}],"about":[{"href":"https:\/\/ayurveda-portugal.com\/pt\/wp-json\/wp\/v2\/types\/page"}],"author":[{"embeddable":true,"href":"https:\/\/ayurveda-portugal.com\/pt\/wp-json\/wp\/v2\/users\/1"}],"replies":[{"embeddable":true,"href":"https:\/\/ayurveda-portugal.com\/pt\/wp-json\/wp\/v2\/comments?post=3085"}],"version-history":[{"count":17,"href":"https:\/\/ayurveda-portugal.com\/pt\/wp-json\/wp\/v2\/pages\/3085\/revisions"}],"predecessor-version":[{"id":3177,"href":"https:\/\/ayurveda-portugal.com\/pt\/wp-json\/wp\/v2\/pages\/3085\/revisions\/3177"}],"wp:attachment":[{"href":"https:\/\/ayurveda-portugal.com\/pt\/wp-json\/wp\/v2\/media?parent=3085"}],"curies":[{"name":"wp","href":"https:\/\/api.w.org\/{rel}","templated":true}]}}