{"id":3095,"date":"2026-03-25T15:36:33","date_gmt":"2026-03-25T15:36:33","guid":{"rendered":"https:\/\/ayurveda-portugal.com\/?page_id=3095"},"modified":"2026-03-27T17:05:43","modified_gmt":"2026-03-27T17:05:43","slug":"integrative-medicine","status":"publish","type":"page","link":"https:\/\/ayurveda-portugal.com\/pt\/integrative-medicine\/","title":{"rendered":"Medicina Integrativa"},"content":{"rendered":"\n<div class=\"wp-block-columns is-layout-flex wp-container-core-columns-is-layout-28f84493 wp-block-columns-is-layout-flex\">\n<div class=\"wp-block-column is-layout-flow wp-block-column-is-layout-flow\" style=\"flex-basis:50%\">\n<figure class=\"wp-block-image size-full is-resized\"><img loading=\"lazy\" decoding=\"async\" width=\"1067\" height=\"1600\" src=\"https:\/\/ayurveda-portugal.com\/wp-content\/uploads\/2026\/03\/IMG_1767.jpg\" alt=\"\" class=\"wp-image-3048\" style=\"width:349px;height:auto\" srcset=\"https:\/\/ayurveda-portugal.com\/wp-content\/uploads\/2026\/03\/IMG_1767.jpg 1067w, https:\/\/ayurveda-portugal.com\/wp-content\/uploads\/2026\/03\/IMG_1767-200x300.jpg 200w, https:\/\/ayurveda-portugal.com\/wp-content\/uploads\/2026\/03\/IMG_1767-683x1024.jpg 683w, https:\/\/ayurveda-portugal.com\/wp-content\/uploads\/2026\/03\/IMG_1767-768x1152.jpg 768w, https:\/\/ayurveda-portugal.com\/wp-content\/uploads\/2026\/03\/IMG_1767-1024x1536.jpg 1024w, https:\/\/ayurveda-portugal.com\/wp-content\/uploads\/2026\/03\/IMG_1767-920x1380.jpg 920w, https:\/\/ayurveda-portugal.com\/wp-content\/uploads\/2026\/03\/IMG_1767-575x862.jpg 575w, https:\/\/ayurveda-portugal.com\/wp-content\/uploads\/2026\/03\/IMG_1767-380x570.jpg 380w\" sizes=\"auto, (max-width: 1067px) 100vw, 1067px\" \/><\/figure>\n<\/div>\n\n\n\n<div class=\"wp-block-column is-layout-flow wp-block-column-is-layout-flow\" style=\"flex-basis:50%\">\n<ul class=\"wp-block-list\">\n<li class=\"has-extra-large-font-size\">Estabiliza\u00e7\u00e3o em situa\u00e7\u00f5es agudas ou graves<\/li>\n\n\n\n<li class=\"has-extra-large-font-size\">Combina\u00e7\u00e3o com estrat\u00e9gias complementares a longo prazo<\/li>\n\n\n\n<li class=\"has-extra-large-font-size\">Avalia\u00e7\u00e3o individual do risco\u2013benef\u00edcio<\/li>\n\n\n\n<li class=\"has-extra-large-font-size\">Coordena\u00e7\u00e3o de diferentes abordagens terap\u00eauticas<\/li>\n<\/ul>\n<\/div>\n<\/div>\n\n\n\n<p class=\"has-larger-font-size\">A medicina integrativa combina a chamada medicina convencional baseada na evid\u00eancia com abordagens complementares selecionadas, de forma estruturada e pragm\u00e1tica. Em situa\u00e7\u00f5es agudas ou graves, a medicina convencional pode proporcionar estabiliza\u00e7\u00e3o e controlo dos sintomas. Isto cria o tempo necess\u00e1rio e a estabilidade cl\u00ednica para introduzir estrat\u00e9gias terap\u00eauticas complementares e de longo prazo. O objetivo \u00e9 utilizar cada abordagem onde \u00e9 mais apropriada, sendo particularmente \u00fatil quando \u00e9 necess\u00e1rio combinar controlo a curto prazo com estrat\u00e9gias terap\u00eauticas a longo prazo.<\/p>\n\n\n\n<h5 class=\"wp-block-heading\">Marca\u00e7\u00f5es e Honor\u00e1rios<\/h5>\n\n\n\n<p class=\"has-larger-font-size\">Dura\u00e7\u00e3o da consulta: geralmente mais de 30 minutos<\/p>\n\n\n\n<p class=\"has-larger-font-size\"><strong>Honor\u00e1rios<\/strong>: 45 \u20ac \u2013 65 \u20ac (consoante a dura\u00e7\u00e3o)<\/p>\n\n\n\n<p class=\"has-larger-font-size\">Marca\u00e7\u00f5es por telefone, WhatsApp ou email:<br>+351 924 344 441 or +49 172 6701899 (WhatsApp), <a href=\"mailto:info@ayurveda-portugal.com\" target=\"_blank\" rel=\"noreferrer noopener\">info@ayurveda-portugal.com<\/a><br><\/p>\n\n\n","protected":false},"excerpt":{"rendered":"<p>A medicina integrativa combina a chamada medicina convencional baseada na evid\u00eancia com abordagens complementares selecionadas, de forma estruturada e pragm\u00e1tica. Em situa\u00e7\u00f5es agudas ou graves, a medicina convencional pode proporcionar [&hellip;]<\/p>\n","protected":false},"author":1,"featured_media":0,"parent":0,"menu_order":0,"comment_status":"closed","ping_status":"closed","template":"","meta":{"footnotes":""},"class_list":["post-3095","page","type-page","status-publish","hentry"],"translation":{"provider":"WPGlobus","version":"3.0.2","language":"pt","enabled_languages":["en","pt","de"],"languages":{"en":{"title":true,"content":true,"excerpt":false},"pt":{"title":true,"content":true,"excerpt":false},"de":{"title":false,"content":false,"excerpt":false}}},"_links":{"self":[{"href":"https:\/\/ayurveda-portugal.com\/pt\/wp-json\/wp\/v2\/pages\/3095","targetHints":{"allow":["GET"]}}],"collection":[{"href":"https:\/\/ayurveda-portugal.com\/pt\/wp-json\/wp\/v2\/pages"}],"about":[{"href":"https:\/\/ayurveda-portugal.com\/pt\/wp-json\/wp\/v2\/types\/page"}],"author":[{"embeddable":true,"href":"https:\/\/ayurveda-portugal.com\/pt\/wp-json\/wp\/v2\/users\/1"}],"replies":[{"embeddable":true,"href":"https:\/\/ayurveda-portugal.com\/pt\/wp-json\/wp\/v2\/comments?post=3095"}],"version-history":[{"count":11,"href":"https:\/\/ayurveda-portugal.com\/pt\/wp-json\/wp\/v2\/pages\/3095\/revisions"}],"predecessor-version":[{"id":3208,"href":"https:\/\/ayurveda-portugal.com\/pt\/wp-json\/wp\/v2\/pages\/3095\/revisions\/3208"}],"wp:attachment":[{"href":"https:\/\/ayurveda-portugal.com\/pt\/wp-json\/wp\/v2\/media?parent=3095"}],"curies":[{"name":"wp","href":"https:\/\/api.w.org\/{rel}","templated":true}]}}