{"id":3107,"date":"2026-03-25T16:46:55","date_gmt":"2026-03-25T16:46:55","guid":{"rendered":"https:\/\/ayurveda-portugal.com\/?page_id=3107"},"modified":"2026-03-27T17:23:03","modified_gmt":"2026-03-27T17:23:03","slug":"general-family-medicine","status":"publish","type":"page","link":"https:\/\/ayurveda-portugal.com\/pt\/general-family-medicine\/","title":{"rendered":"Clinica Geral"},"content":{"rendered":"\n<div class=\"wp-block-columns is-layout-flex wp-container-core-columns-is-layout-28f84493 wp-block-columns-is-layout-flex\">\n<div class=\"wp-block-column is-layout-flow wp-block-column-is-layout-flow\" style=\"flex-basis:50%\">\n<figure class=\"wp-block-image size-full is-resized\"><img loading=\"lazy\" decoding=\"async\" width=\"1707\" height=\"2560\" src=\"https:\/\/ayurveda-portugal.com\/wp-content\/uploads\/2026\/03\/pexels-yankrukov-5791389-scaled.jpg\" alt=\"\" class=\"wp-image-3082\" style=\"width:349px;height:auto\" srcset=\"https:\/\/ayurveda-portugal.com\/wp-content\/uploads\/2026\/03\/pexels-yankrukov-5791389-scaled.jpg 1707w, https:\/\/ayurveda-portugal.com\/wp-content\/uploads\/2026\/03\/pexels-yankrukov-5791389-200x300.jpg 200w, https:\/\/ayurveda-portugal.com\/wp-content\/uploads\/2026\/03\/pexels-yankrukov-5791389-683x1024.jpg 683w, https:\/\/ayurveda-portugal.com\/wp-content\/uploads\/2026\/03\/pexels-yankrukov-5791389-768x1152.jpg 768w, https:\/\/ayurveda-portugal.com\/wp-content\/uploads\/2026\/03\/pexels-yankrukov-5791389-1024x1536.jpg 1024w, https:\/\/ayurveda-portugal.com\/wp-content\/uploads\/2026\/03\/pexels-yankrukov-5791389-1365x2048.jpg 1365w, https:\/\/ayurveda-portugal.com\/wp-content\/uploads\/2026\/03\/pexels-yankrukov-5791389-1140x1710.jpg 1140w, https:\/\/ayurveda-portugal.com\/wp-content\/uploads\/2026\/03\/pexels-yankrukov-5791389-920x1380.jpg 920w, https:\/\/ayurveda-portugal.com\/wp-content\/uploads\/2026\/03\/pexels-yankrukov-5791389-575x863.jpg 575w, https:\/\/ayurveda-portugal.com\/wp-content\/uploads\/2026\/03\/pexels-yankrukov-5791389-380x570.jpg 380w\" sizes=\"auto, (max-width: 1707px) 100vw, 1707px\" \/><\/figure>\n<\/div>\n\n\n\n<div class=\"wp-block-column is-layout-flow wp-block-column-is-layout-flow\" style=\"flex-basis:50%\">\n<ul class=\"wp-block-list\">\n<li class=\"has-extra-large-font-size\">Diagn\u00f3stico e tratamento de doen\u00e7as agudas<\/li>\n\n\n\n<li class=\"has-extra-large-font-size\">Acompanhamento a longo prazo de doen\u00e7as cr\u00f3nicas<\/li>\n\n\n\n<li class=\"has-extra-large-font-size\">Cuidados preventivos e avalia\u00e7\u00f5es de sa\u00fade<\/li>\n\n\n\n<li class=\"has-extra-large-font-size\">Coordena\u00e7\u00e3o m\u00e9dica e encaminhamentos<\/li>\n<\/ul>\n<\/div>\n<\/div>\n\n\n\n<p class=\"has-larger-font-size\">Cuidados m\u00e9dicos abrangentes para adultos e fam\u00edlias, baseados numa abordagem estruturada e cont\u00ednua. O acompanhamento de v\u00e1rios membros da mesma fam\u00edlia permite uma compreens\u00e3o mais alargada de padr\u00f5es de sa\u00fade partilhados e da din\u00e2mica familiar, o que pode ser relevante para o diagn\u00f3stico e o tratamento. \u00canfase na continuidade, na clareza e num processo m\u00e9dico estruturado. <br>Como m\u00e9dico licenciado em Portugal (Ordem dos M\u00e9dicos), podem ser emitidas prescri\u00e7\u00f5es no \u00e2mbito do SNS, quando apropriado. Encaminhamentos para exames complementares de diagn\u00f3stico tamb\u00e9m podem ser organizados, sendo no entanto realizados em regime privado (algumas cl\u00ednicas oferecem comparticipa\u00e7\u00e3o quando o paciente possui N\u00famero de Utente).<\/p>\n\n\n\n<h5 class=\"wp-block-heading\"><strong>Marca\u00e7\u00f5es e Honor\u00e1rios<\/strong><\/h5>\n\n\n\n<p class=\"has-larger-font-size\"><strong>Honor\u00e1rios<\/strong>: Adultos: 45 \u20ac; Crian\u00e7as (at\u00e9 aos 16 anos): 30 \u20ac (inclui prescri\u00e7\u00f5es e encaminhamentos)<\/p>\n\n\n\n<p class=\"has-larger-font-size\">Marca\u00e7\u00f5es por telefone, WhatsApp ou email:<br>+351 924 344 441 or +49 172 6701899 (WhatsApp), <a href=\"mailto:info@ayurveda-portugal.com\" target=\"_blank\" rel=\"noreferrer noopener\">info@ayurveda-portugal.com<\/a><br><\/p>\n\n\n\n\n\n<p class=\"has-color-0-color has-text-color has-link-color wp-elements-1c88a5fd1b78c95710f41ce62d77b34e\"><\/p>\n\n\n\n<p class=\"has-color-0-color has-text-color has-link-color wp-elements-1c88a5fd1b78c95710f41ce62d77b34e\"><\/p>\n\n\n\n<p><\/p>\n","protected":false},"excerpt":{"rendered":"<p>Cuidados m\u00e9dicos abrangentes para adultos e fam\u00edlias, baseados numa abordagem estruturada e cont\u00ednua. O acompanhamento de v\u00e1rios membros da mesma fam\u00edlia permite uma compreens\u00e3o mais alargada de padr\u00f5es de sa\u00fade [&hellip;]<\/p>\n","protected":false},"author":1,"featured_media":0,"parent":0,"menu_order":0,"comment_status":"closed","ping_status":"closed","template":"","meta":{"footnotes":""},"class_list":["post-3107","page","type-page","status-publish","hentry"],"translation":{"provider":"WPGlobus","version":"3.0.2","language":"pt","enabled_languages":["en","pt","de"],"languages":{"en":{"title":true,"content":true,"excerpt":false},"pt":{"title":true,"content":true,"excerpt":false},"de":{"title":false,"content":false,"excerpt":false}}},"_links":{"self":[{"href":"https:\/\/ayurveda-portugal.com\/pt\/wp-json\/wp\/v2\/pages\/3107","targetHints":{"allow":["GET"]}}],"collection":[{"href":"https:\/\/ayurveda-portugal.com\/pt\/wp-json\/wp\/v2\/pages"}],"about":[{"href":"https:\/\/ayurveda-portugal.com\/pt\/wp-json\/wp\/v2\/types\/page"}],"author":[{"embeddable":true,"href":"https:\/\/ayurveda-portugal.com\/pt\/wp-json\/wp\/v2\/users\/1"}],"replies":[{"embeddable":true,"href":"https:\/\/ayurveda-portugal.com\/pt\/wp-json\/wp\/v2\/comments?post=3107"}],"version-history":[{"count":10,"href":"https:\/\/ayurveda-portugal.com\/pt\/wp-json\/wp\/v2\/pages\/3107\/revisions"}],"predecessor-version":[{"id":3218,"href":"https:\/\/ayurveda-portugal.com\/pt\/wp-json\/wp\/v2\/pages\/3107\/revisions\/3218"}],"wp:attachment":[{"href":"https:\/\/ayurveda-portugal.com\/pt\/wp-json\/wp\/v2\/media?parent=3107"}],"curies":[{"name":"wp","href":"https:\/\/api.w.org\/{rel}","templated":true}]}}