{"id":3121,"date":"2026-03-26T11:00:43","date_gmt":"2026-03-26T11:00:43","guid":{"rendered":"https:\/\/ayurveda-portugal.com\/?page_id=3121"},"modified":"2026-03-27T17:39:53","modified_gmt":"2026-03-27T17:39:53","slug":"children-adolescents-medicine","status":"publish","type":"page","link":"https:\/\/ayurveda-portugal.com\/pt\/children-adolescents-medicine\/","title":{"rendered":"Crian\u00e7as e Adolescentes"},"content":{"rendered":"\n<div class=\"wp-block-columns is-layout-flex wp-container-core-columns-is-layout-28f84493 wp-block-columns-is-layout-flex\">\n<div class=\"wp-block-column is-layout-flow wp-block-column-is-layout-flow\" style=\"flex-basis:50%\">\n<figure class=\"wp-block-image size-full is-resized\"><img loading=\"lazy\" decoding=\"async\" width=\"2007\" height=\"2560\" src=\"https:\/\/ayurveda-portugal.com\/wp-content\/uploads\/2026\/03\/pexels-cottonbro-5867700-scaled.jpg\" alt=\"\" class=\"wp-image-3077\" style=\"width:349px;height:auto\" srcset=\"https:\/\/ayurveda-portugal.com\/wp-content\/uploads\/2026\/03\/pexels-cottonbro-5867700-scaled.jpg 2007w, https:\/\/ayurveda-portugal.com\/wp-content\/uploads\/2026\/03\/pexels-cottonbro-5867700-235x300.jpg 235w, https:\/\/ayurveda-portugal.com\/wp-content\/uploads\/2026\/03\/pexels-cottonbro-5867700-803x1024.jpg 803w, https:\/\/ayurveda-portugal.com\/wp-content\/uploads\/2026\/03\/pexels-cottonbro-5867700-768x980.jpg 768w, https:\/\/ayurveda-portugal.com\/wp-content\/uploads\/2026\/03\/pexels-cottonbro-5867700-1204x1536.jpg 1204w, https:\/\/ayurveda-portugal.com\/wp-content\/uploads\/2026\/03\/pexels-cottonbro-5867700-1606x2048.jpg 1606w, https:\/\/ayurveda-portugal.com\/wp-content\/uploads\/2026\/03\/pexels-cottonbro-5867700-1140x1454.jpg 1140w, https:\/\/ayurveda-portugal.com\/wp-content\/uploads\/2026\/03\/pexels-cottonbro-5867700-920x1174.jpg 920w, https:\/\/ayurveda-portugal.com\/wp-content\/uploads\/2026\/03\/pexels-cottonbro-5867700-575x733.jpg 575w, https:\/\/ayurveda-portugal.com\/wp-content\/uploads\/2026\/03\/pexels-cottonbro-5867700-380x485.jpg 380w\" sizes=\"auto, (max-width: 2007px) 100vw, 2007px\" \/><\/figure>\n<\/div>\n\n\n\n<div class=\"wp-block-column is-layout-flow wp-block-column-is-layout-flow\" style=\"flex-basis:50%\">\n<ul class=\"wp-block-list\">\n<li class=\"has-extra-large-font-size\">Condi\u00e7\u00f5es pedi\u00e1tricas agudas e cr\u00f3nicas<\/li>\n\n\n\n<li class=\"has-extra-large-font-size\">Monitoriza\u00e7\u00e3o do desenvolvimento e consultas de rotina<\/li>\n\n\n\n<li class=\"has-extra-large-font-size\">Observa\u00e7\u00e3o vigilante e utiliza\u00e7\u00e3o de terap\u00eauticas naturais e \u00e0 base de plantas, quando apropriado<\/li>\n\n\n\n<li class=\"has-extra-large-font-size\">Orienta\u00e7\u00e3o clara para os pais<\/li>\n<\/ul>\n<\/div>\n<\/div>\n\n\n\n<p class=\"has-larger-font-size\">Cuidados m\u00e9dicos para crian\u00e7as e adolescentes, adaptados \u00e0 fase de desenvolvimento e \u00e0s necessidades individuais. \u00canfase na continuidade, na clareza e num processo m\u00e9dico estruturado. Sempre que poss\u00edvel, evita-se o uso de medica\u00e7\u00e3o convencional, privilegiando abordagens naturais e fitoterapia. A abordagem baseia-se numa avalia\u00e7\u00e3o cuidadosa, numa interven\u00e7\u00e3o proporcional e, quando apropriado, numa estrat\u00e9gia de observa\u00e7\u00e3o vigilante. Muitas condi\u00e7\u00f5es podem ser acompanhadas com seguran\u00e7a ao longo do tempo, evitando interven\u00e7\u00f5es desnecess\u00e1rias, com seguimento pr\u00f3ximo. As decis\u00f5es s\u00e3o tomadas de forma clara quando \u00e9 necess\u00e1rio tratar ou investigar mais aprofundadamente, incluindo encaminhamento quando indicado. Como m\u00e9dico licenciado em Portugal (Ordem dos M\u00e9dicos), podem ser emitidas prescri\u00e7\u00f5es no \u00e2mbito do SNS, quando apropriado. Encaminhamentos para exames complementares de diagn\u00f3stico tamb\u00e9m podem ser organizados, sendo no entanto realizados em regime privado (algumas cl\u00ednicas oferecem comparticipa\u00e7\u00e3o quando o paciente possui N\u00famero de Utente).<\/p>\n\n\n\n<h5 class=\"wp-block-heading\"><strong>Marca\u00e7\u00f5es e Honor\u00e1rios<\/strong><\/h5>\n\n\n\n<p class=\"has-larger-font-size\"><strong>Honor\u00e1rios<\/strong>: 30 \u20ac (inclui prescri\u00e7\u00f5es e requisi\u00e7\u00f5es de exames)<\/p>\n\n\n\n<p class=\"has-larger-font-size\">Marca\u00e7\u00f5es por telefone, WhatsApp ou email:<br>+351 924 344 441 or +49 172 6701899 (WhatsApp), <a href=\"mailto:info@ayurveda-portugal.com\" target=\"_blank\" rel=\"noreferrer noopener\">info@ayurveda-portugal.com<\/a><br><\/p>\n\n\n","protected":false},"excerpt":{"rendered":"<p>Cuidados m\u00e9dicos para crian\u00e7as e adolescentes, adaptados \u00e0 fase de desenvolvimento e \u00e0s necessidades individuais. \u00canfase na continuidade, na clareza e num processo m\u00e9dico estruturado. Sempre que poss\u00edvel, evita-se o [&hellip;]<\/p>\n","protected":false},"author":1,"featured_media":0,"parent":0,"menu_order":0,"comment_status":"closed","ping_status":"closed","template":"","meta":{"footnotes":""},"class_list":["post-3121","page","type-page","status-publish","hentry"],"translation":{"provider":"WPGlobus","version":"3.0.2","language":"pt","enabled_languages":["en","pt","de"],"languages":{"en":{"title":true,"content":true,"excerpt":false},"pt":{"title":true,"content":true,"excerpt":false},"de":{"title":false,"content":false,"excerpt":false}}},"_links":{"self":[{"href":"https:\/\/ayurveda-portugal.com\/pt\/wp-json\/wp\/v2\/pages\/3121","targetHints":{"allow":["GET"]}}],"collection":[{"href":"https:\/\/ayurveda-portugal.com\/pt\/wp-json\/wp\/v2\/pages"}],"about":[{"href":"https:\/\/ayurveda-portugal.com\/pt\/wp-json\/wp\/v2\/types\/page"}],"author":[{"embeddable":true,"href":"https:\/\/ayurveda-portugal.com\/pt\/wp-json\/wp\/v2\/users\/1"}],"replies":[{"embeddable":true,"href":"https:\/\/ayurveda-portugal.com\/pt\/wp-json\/wp\/v2\/comments?post=3121"}],"version-history":[{"count":7,"href":"https:\/\/ayurveda-portugal.com\/pt\/wp-json\/wp\/v2\/pages\/3121\/revisions"}],"predecessor-version":[{"id":3225,"href":"https:\/\/ayurveda-portugal.com\/pt\/wp-json\/wp\/v2\/pages\/3121\/revisions\/3225"}],"wp:attachment":[{"href":"https:\/\/ayurveda-portugal.com\/pt\/wp-json\/wp\/v2\/media?parent=3121"}],"curies":[{"name":"wp","href":"https:\/\/api.w.org\/{rel}","templated":true}]}}