{"id":675,"date":"2022-01-20T19:59:42","date_gmt":"2022-01-20T19:59:42","guid":{"rendered":"https:\/\/ayurveda-portugal.com\/?page_id=675"},"modified":"2026-04-02T11:59:33","modified_gmt":"2026-04-02T11:59:33","slug":"675-2","status":"publish","type":"page","link":"https:\/\/ayurveda-portugal.com\/pt\/retreats\/675-2\/","title":{"rendered":"Consultas e tratamentos ayurv\u00e9dicos"},"content":{"rendered":"\n<div class=\"wp-block-columns is-layout-flex wp-container-core-columns-is-layout-28f84493 wp-block-columns-is-layout-flex\">\n<div class=\"wp-block-column is-layout-flow wp-block-column-is-layout-flow\">\n<p class=\"has-larger-font-size\">O Ayurveda \u00e9 provavelmente o sistema tradicional de medicina mais antigo do mundo. Com textos que t\u00eam mais de 2.000 anos, disp\u00f5e de uma base de conhecimento extraordinariamente precisa e bem documentada, transmitida ao longo de mil\u00e9nios, primeiro de forma oral de gera\u00e7\u00e3o em gera\u00e7\u00e3o e posteriormente tamb\u00e9m por escrito. Embora tenha a sua origem na \u00cdndia, o sistema terap\u00eautico ayurv\u00e9dico pode ser aplicado \u00e0s condi\u00e7\u00f5es ambientais e de vida de diferentes culturas, devido aos seus princ\u00edpios universais. A forma como o Ayurveda \u00e9 hoje ensinado e praticado na \u00cdndia reflete esta abertura. Os princ\u00edpios fundamentais do Ayurveda assentam na unidade entre corpo, mente, esp\u00edrito e sentidos, na teoria dos elementos, na rela\u00e7\u00e3o entre microcosmo e macrocosmo, bem como na intera\u00e7\u00e3o das energias funcionais Vata, Pitta e Kapha, cujo equil\u00edbrio harmonioso constitui a base da sa\u00fade e do bem-estar. Na sua abordagem diagn\u00f3stica e terap\u00eautica, o Ayurveda reconhece de forma excecional a singularidade de cada indiv\u00edduo. Desta forma, oferece, especialmente \u00e0s pessoas das sociedades ocidentais, uma nova perspetiva sobre a doen\u00e7a e o mal-estar, criando assim a base para uma verdadeira cura.<\/p>\n\n\n\n<p><\/p>\n\n\n\n<p class=\"has-larger-font-size\"><strong><strong>Consulta e tratamento<\/strong><\/strong><\/p>\n\n\n\n<ul class=\"wp-block-list has-larger-font-size\">\n<li>Cada tratamento ayurv\u00e9dico \u00e9 precedido por uma consulta inicial detalhada. Sempre que desejado ou necess\u00e1rio, podem ser integradas abordagens da medicina convencional. O objetivo \u00e9 obter uma compreens\u00e3o t\u00e3o completa quanto poss\u00edvel da sua constitui\u00e7\u00e3o, necessidades, estado emocional, bem como do seu historial de sintomas e de doen\u00e7a. Para a anamnese e o exame f\u00edsico, incluindo o diagn\u00f3stico do pulso segundo o Ayurveda, s\u00e3o necess\u00e1rios cerca de 60 minutos.<\/li>\n\n\n\n<li>A consulta tamb\u00e9m pode ser realizada online, se necess\u00e1rio.<\/li>\n\n\n\n<li>Os resultados da consulta s\u00e3o, se assim o desejar, registados num relat\u00f3rio detalhado, bem como num plano terap\u00eautico e alimentar, que receber\u00e1 por escrito. Este inclui tamb\u00e9m a prescri\u00e7\u00e3o de medicamentos \u00e0 base de plantas segundo a tradi\u00e7\u00e3o do sul da \u00cdndia.<\/li>\n\n\n\n<li>No local, ofere\u00e7o adicionalmente, consoante o diagn\u00f3stico e o plano terap\u00eautico, os seguintes tratamentos manuais cl\u00e1ssicos e tradicionais ayurv\u00e9dicos:<br>\n<ul class=\"wp-block-list\">\n<li><strong>Tratamentos cl\u00e1ssicos de Panchakarma<\/strong><ul><li>A um tratamento cl\u00e1ssico de Panchakarma precedem medidas preparat\u00f3rias (Purvakarma), incluindo a olea\u00e7\u00e3o interna e externa (Snehana) e tratamentos de suda\u00e7\u00e3o (Swedana), seguidos de um ou mais dos cinco tratamentos principais (Panchakarma). Estes s\u00e3o:<\/li><\/ul>\n<ol class=\"wp-block-list\">\n<li><strong>Vamana <\/strong>(v\u00f3mito terap\u00eautico)<\/li>\n\n\n\n<li><strong>Virechana <\/strong>(purgante terap\u00eautico)<\/li>\n\n\n\n<li><strong>Niruha Vasti<\/strong> (enema terap\u00eautico com decoc\u00e7\u00e3o de plantas medicinais, adaptada \u00e0 condi\u00e7\u00e3o individual)<\/li>\n\n\n\n<li><strong>Anuvasana Vasti<\/strong> (tratamento intestinal terap\u00eautico com enema nutritivo \u00e0 base de \u00f3leos ayurv\u00e9dicos medicados, adaptados \u00e0 condi\u00e7\u00e3o individual)<\/li>\n\n\n\n<li><strong>Nasya <\/strong>(tratamento terap\u00eautico nasal com aplica\u00e7\u00e3o de \u00f3leos ayurv\u00e9dicos medicados espec\u00edficos)<br><\/li>\n<\/ol>\n<\/li>\n<\/ul>\n<\/li>\n<\/ul>\n\n\n\n<p class=\"has-larger-font-size\"><strong>Tratamentos cl\u00e1ssicos individuais dispon\u00edveis tamb\u00e9m fora de um programa de Panchakarma<\/strong><\/p>\n\n\n\n<ul class=\"wp-block-list has-larger-font-size\">\n<li>Swedana (tratamento cl\u00e1ssico de suda\u00e7\u00e3o com calor, utilizando decoc\u00e7\u00f5es de plantas medicinais adaptadas \u00e0 condi\u00e7\u00e3o individual)<\/li>\n\n\n\n<li>Kati Basti (banho de \u00f3leo tradicional para a regi\u00e3o lombar), incluindo Swedana, indicado para o tratamento de ciatalgia, h\u00e9rnias discais (sem d\u00e9fices neurol\u00f3gicos) e tens\u00f5es musculares na regi\u00e3o lombar<\/li>\n\n\n\n<li>Janu Basti (banho de \u00f3leo tradicional para as articula\u00e7\u00f5es do joelho), incluindo Swedana, indicado para o tratamento de artrose e problemas meniscais<\/li>\n\n\n\n<li>Hridaya Basti (banho de \u00f3leo tradicional sobre a regi\u00e3o card\u00edaca), incluindo Swedana, indicado para estados de ansiedade associados ao cora\u00e7\u00e3o e determinadas formas de arritmias card\u00edacas.<\/li>\n\n\n\n<li>Karna Purana (aplica\u00e7\u00e3o tradicional de \u00f3leo no ouvido), particularmente indicado para perturba\u00e7\u00f5es de Vata, como o zumbido (tinnitus), bem como para tens\u00f5es na articula\u00e7\u00e3o temporomandibular.<\/li>\n\n\n\n<li>Akshi Tarpana (tratamento ocular tradicional regenerador), indicado para o tratamento de olhos secos, blefaroespasmo e tamb\u00e9m enxaqueca.<\/li>\n\n\n\n<li>Abhyanga (massagem ayurv\u00e9dica cl\u00e1ssica de corpo inteiro com \u00f3leos medicados, adaptados \u00e0 condi\u00e7\u00e3o individual), incluindo Swedana<\/li>\n\n\n\n<li>Padabhyanga (massagem tradicional aos p\u00e9s), incluindo Swedana<\/li>\n\n\n\n<li>Shiro Abhyanga (massagem tradicional \u00e0 cabe\u00e7a e testa), incluindo Swedana<\/li>\n<\/ul>\n\n\n\n<p><\/p>\n\n\n\n<p class=\"has-larger-font-size\"><strong>Para quem s\u00e3o indicados estes tratamentos?<\/strong><\/p>\n\n\n\n<p class=\"has-larger-font-size\">Pessoas com doen\u00e7as cr\u00f3nicas que n\u00e3o obtiveram um al\u00edvio significativo com os tratamentos convencionais, mas tamb\u00e9m com abordagens alternativas. Entre estas condi\u00e7\u00f5es ou sintomas incluem-se:<\/p>\n\n\n\n<ul class=\"wp-block-list has-larger-font-size\">\n<li>Dores de origem pouco clara,<\/li>\n\n\n\n<li>Fadiga cr\u00f3nica e cansa\u00e7o persistente<\/li>\n\n\n\n<li>S\u00edndrome p\u00f3s-COVID<\/li>\n\n\n\n<li>Alergias ou intoler\u00e2ncias alimentares<\/li>\n\n\n\n<li>Dermatite at\u00f3pica (neurodermatite)<\/li>\n\n\n\n<li>S\u00edndrome do intestino irrit\u00e1vel ou doen\u00e7as inflamat\u00f3rias intestinais (como doen\u00e7a de Crohn ou colite ulcerosa)<\/li>\n\n\n\n<li>Neuralgia p\u00f3s-herp\u00e9tica<\/li>\n\n\n\n<li>Doen\u00e7as do foro reum\u00e1tico, bem como polimialgia ou fibromialgia<\/li>\n\n\n\n<li>Hipertens\u00e3o arterial<\/li>\n\n\n\n<li>Hipotiroidismo ou hipertiroidismo<\/li>\n\n\n\n<li>Blefaroespasmo ou s\u00edndrome do olho seco<\/li>\n\n\n\n<li>etc.<\/li>\n<\/ul>\n\n\n\n<h5 class=\"wp-block-heading\" id=\"was-wollen-wir-erreichen\">Was wollen wir erreichen:<\/h5>\n\n\n\n<p class=\"has-larger-font-size\">O objetivo \u00e9 alcan\u00e7ar al\u00edvio e bem-estar de forma sustentada. Sempre que adequado, a medica\u00e7\u00e3o convencional pode ser reduzida ao m\u00ednimo ou, em alguns casos, gradualmente descontinuada sob orienta\u00e7\u00e3o m\u00e9dica.<\/p>\n\n\n\n<div style=\"height:21px\" aria-hidden=\"true\" class=\"wp-block-spacer\"><\/div>\n\n\n\n<div class=\"wp-block-buttons is-layout-flex wp-block-buttons-is-layout-flex\">\n<div class=\"wp-block-button is-style-outline is-style-outline--1\"><a class=\"wp-block-button__link has-color-0-color has-color-6-background-color has-text-color has-background wp-element-button\" href=\"https:\/\/calendly.com\/dr_med_nassabi\/free_evaluation_call\" target=\"_blank\" rel=\"noreferrer noopener nofollow\">Agendar uma chamada gratuita e sem compromisso<\/a><\/div>\n<\/div>\n\n\n\n<div style=\"height:47px\" aria-hidden=\"true\" class=\"wp-block-spacer\"><\/div>\n\n\n\n<h5 class=\"wp-block-heading\" id=\"kosten\">Pre\u00e7os<\/h5>\n\n\n\n<p class=\"has-larger-font-size\">O custo da consulta detalhada acima referida \u00e9 de 70 \u20ac, excluindo o relat\u00f3rio escrito da consulta e o plano terap\u00eautico. Para estes, \u00e9 cobrado um valor adicional de 30 \u20ac.<\/p>\n\n\n\n<p class=\"has-larger-font-size\">Os custos dos tratamentos individuais acima referidos s\u00e3o calculados em fun\u00e7\u00e3o da dura\u00e7\u00e3o e dos materiais utilizados, situando-se entre 65 \u20ac e 90 \u20ac. Em situa\u00e7\u00f5es espec\u00edficas, posso oferecer condi\u00e7\u00f5es mais favor\u00e1veis. Por favor, entre em contacto comigo.<\/p>\n\n\n\n<h5 class=\"wp-block-heading\" id=\"wo\">Onde?<\/h5>\n\n\n\n<p class=\"has-larger-font-size\">Ayurveda-Monte da Bela Vista<br>Monte da Bela Vista<br>Rua Sapata Boavista<br>7555-019 Cercal do Alentejo<\/p>\n\n\n\n<p class=\"has-larger-font-size\"><\/p>\n\n\n\n<p><\/p>\n<\/div>\n<\/div>\n\n\n\n<div class=\"wp-block-columns is-layout-flex wp-container-core-columns-is-layout-28f84493 wp-block-columns-is-layout-flex\">\n<div class=\"wp-block-column is-layout-flow wp-block-column-is-layout-flow\"><\/div>\n<\/div>\n","protected":false},"excerpt":{"rendered":"<p>O Ayurveda \u00e9 provavelmente o sistema tradicional de medicina mais antigo do mundo. Com textos que t\u00eam mais de 2.000 anos, disp\u00f5e de uma base de conhecimento extraordinariamente precisa e [&hellip;]<\/p>\n","protected":false},"author":1,"featured_media":0,"parent":629,"menu_order":1,"comment_status":"closed","ping_status":"closed","template":"","meta":{"footnotes":""},"class_list":["post-675","page","type-page","status-publish","hentry"],"translation":{"provider":"WPGlobus","version":"3.0.2","language":"pt","enabled_languages":["en","pt","de"],"languages":{"en":{"title":true,"content":true,"excerpt":false},"pt":{"title":true,"content":true,"excerpt":false},"de":{"title":true,"content":true,"excerpt":false}}},"_links":{"self":[{"href":"https:\/\/ayurveda-portugal.com\/pt\/wp-json\/wp\/v2\/pages\/675","targetHints":{"allow":["GET"]}}],"collection":[{"href":"https:\/\/ayurveda-portugal.com\/pt\/wp-json\/wp\/v2\/pages"}],"about":[{"href":"https:\/\/ayurveda-portugal.com\/pt\/wp-json\/wp\/v2\/types\/page"}],"author":[{"embeddable":true,"href":"https:\/\/ayurveda-portugal.com\/pt\/wp-json\/wp\/v2\/users\/1"}],"replies":[{"embeddable":true,"href":"https:\/\/ayurveda-portugal.com\/pt\/wp-json\/wp\/v2\/comments?post=675"}],"version-history":[{"count":119,"href":"https:\/\/ayurveda-portugal.com\/pt\/wp-json\/wp\/v2\/pages\/675\/revisions"}],"predecessor-version":[{"id":3299,"href":"https:\/\/ayurveda-portugal.com\/pt\/wp-json\/wp\/v2\/pages\/675\/revisions\/3299"}],"up":[{"embeddable":true,"href":"https:\/\/ayurveda-portugal.com\/pt\/wp-json\/wp\/v2\/pages\/629"}],"wp:attachment":[{"href":"https:\/\/ayurveda-portugal.com\/pt\/wp-json\/wp\/v2\/media?parent=675"}],"curies":[{"name":"wp","href":"https:\/\/api.w.org\/{rel}","templated":true}]}}