{"id":779,"date":"2022-01-23T12:57:44","date_gmt":"2022-01-23T12:57:44","guid":{"rendered":"https:\/\/ayurveda-portugal.com\/?page_id=779"},"modified":"2025-03-08T19:53:03","modified_gmt":"2025-03-08T19:53:03","slug":"die-theorie-der-5-elemente","status":"publish","type":"page","link":"https:\/\/ayurveda-portugal.com\/pt\/ayurveda-verstehen\/die-theorie-der-5-elemente\/","title":{"rendered":"The 5 elements"},"content":{"rendered":"\n\n\n<div id=\"athemes-blocks-block-a2cc63a7\" class=\"wp-block-athemes-athemes-blocks-block-container athemes-blocks-block athemes-blocks-block-a2cc63a7 athemes-blocks-block-container alignfull\"><div class=\"athemes-blocks-block-container-wrapper athemes-blocks-block-container-bg-cover athemes-blocks-block-container-bg-effect-scroll\"><div class=\"athemes-blocks-block-container-wrapper-content\">\n<div class=\"wp-block-columns is-layout-flex wp-container-core-columns-is-layout-28f84493 wp-block-columns-is-layout-flex\">\n<div class=\"wp-block-column is-layout-flow wp-block-column-is-layout-flow\">\n<p class=\"has-larger-font-size\">The theory of the five elements (pancha maha bhuta) is one of the <strong>universal<\/strong> theories. This means that it is not only used in Ayurveda, but also in numerous other traditional systems, e.g., in a modified form also in Traditional Chinese Medicine. It assumes that both animate and inanimate nature are composed of these five elements in different <strong>compositions:<\/strong><\/p>\n\n\n\n<ul class=\"wp-block-list has-larger-font-size\">\n<li>Ether (\u0101k\u0101\u015ba)<\/li>\n\n\n\n<li>Air (v\u0101yu)<\/li>\n\n\n\n<li>Fire (agni or teja)<\/li>\n\n\n\n<li>Water (jala)<\/li>\n\n\n\n<li>Earth (p\u1e5bthiv\u012b)<\/li>\n<\/ul>\n\n\n\n<p class=\"has-larger-font-size\">In the descriptions of the Vedas, everything has its beginning in the ether. From it, the next elements are formed. The essential characteristics of all things perceptible to humans are determined by the prevailing element.<\/p>\n\n\n\n<div class=\"wp-block-group\"><div class=\"wp-block-group__inner-container is-layout-flow wp-block-group-is-layout-flow\">\n<h5 class=\"wp-block-heading\" id=\"ether\"><strong>Ether<\/strong><\/h5>\n\n\n\n<p class=\"has-larger-font-size\">The ether is responsible as an element for the space in which everything can arise. It is at the same time beginning and end, i.e., the limit for everything material. In the human body, all hollow organs and conduction pathways are predominantly shaped by the element ether.<\/p>\n<\/div><\/div>\n\n\n\n<div class=\"wp-block-group\"><div class=\"wp-block-group__inner-container is-layout-flow wp-block-group-is-layout-flow\">\n<h5 class=\"wp-block-heading\" id=\"air\"><strong>Air<\/strong><\/h5>\n\n\n\n<p class=\"has-larger-font-size\">The element of air represents the life energy (pr\u0101na) and is responsible for movement and change.<\/p>\n<\/div><\/div>\n\n\n\n<h5 class=\"wp-block-heading\" id=\"fire\"><strong>Fire<\/strong><\/h5>\n\n\n\n<p class=\"has-larger-font-size\">The element of fire stands for transformation and warmth, but also for intensity.<\/p>\n\n\n\n<div class=\"wp-block-group\"><div class=\"wp-block-group__inner-container is-layout-flow wp-block-group-is-layout-flow\">\n<h5 class=\"wp-block-heading\" id=\"water\"><strong>Water<\/strong><\/h5>\n\n\n\n<p class=\"has-larger-font-size\">The element water provides movement and moisture (kleda). In its pure form, the following characteristics are added to it:<\/p>\n\n\n\n<ul class=\"wp-block-list has-larger-font-size\">\n<li>fluent (liquid)<\/li>\n\n\n\n<li>humid<\/li>\n\n\n\n<li>clear<\/li>\n<\/ul>\n<\/div><\/div>\n\n\n\n<div class=\"wp-block-group\"><div class=\"wp-block-group__inner-container is-layout-flow wp-block-group-is-layout-flow\">\n<div class=\"wp-block-group\"><div class=\"wp-block-group__inner-container is-layout-flow wp-block-group-is-layout-flow\">\n<h5 class=\"wp-block-heading\" id=\"earth\"><strong>Earth<\/strong><\/h5>\n\n\n\n<p class=\"has-larger-font-size\">The <strong>element of the earth<\/strong> symbolizes the coarseness and solid substances within the body. The following properties are attributed to the element earth in its pure form:<\/p>\n<\/div><\/div>\n\n\n\n<ul class=\"wp-block-list has-larger-font-size\">\n<li>heavy<\/li>\n\n\n\n<li>immobile<\/li>\n\n\n\n<li>hard,<\/li>\n\n\n\n<li>gross,<\/li>\n<\/ul>\n<\/div><\/div>\n<\/div>\n<\/div>\n\n\n\n<p class=\"has-larger-font-size\">The elements and their characteristics shape and symbolize the 5 senses of humans:<\/p>\n\n\n\n<figure class=\"wp-block-table is-style-regular\"><table><thead><tr><th>Element<\/th><th>Sensory Perception<\/th><th>further function in the <br>context of sensory perception<\/th><\/tr><\/thead><tbody><tr><td><strong>Ether<\/strong><\/td><td><strong>Hearing<\/strong><\/td><td>&nbsp;<\/td><\/tr><tr><td><strong>Air<\/strong><\/td><td><strong>Touch<\/strong><\/td><td>&nbsp;<\/td><\/tr><tr><td><strong>FIre<\/strong><\/td><td><strong>Vision<\/strong><\/td><td><strong>Hearing, Touch<\/strong><\/td><\/tr><tr><td><strong>Water<\/strong><\/td><td><strong>Taste<\/strong><\/td><td><strong><strong>Hearing, Touch<\/strong>, Vision<\/strong><\/td><\/tr><tr><td><strong>Earth<\/strong><\/td><td><strong>Smell<\/strong><\/td><td><strong><strong><strong>Hearing, Touch<\/strong>, Vision<\/strong><\/strong>,<strong> Taste<\/strong><\/td><\/tr><\/tbody><\/table><\/figure>\n\n\n\n<p class=\"has-larger-font-size\">The composition of these elemental factors and their specific properties determine the sensory perceptions, the function and expression of the doshas (see there) and those of the 6 flavors.<\/p>\n<\/div><\/div><\/div>\n\n\n","protected":false},"excerpt":{"rendered":"","protected":false},"author":1,"featured_media":0,"parent":744,"menu_order":0,"comment_status":"closed","ping_status":"closed","template":"","meta":{"footnotes":""},"class_list":["post-779","page","type-page","status-publish","hentry"],"translation":{"provider":"WPGlobus","version":"3.0.2","language":"pt","enabled_languages":["en","pt","de"],"languages":{"en":{"title":true,"content":true,"excerpt":false},"pt":{"title":false,"content":false,"excerpt":false},"de":{"title":true,"content":true,"excerpt":false}}},"_links":{"self":[{"href":"https:\/\/ayurveda-portugal.com\/pt\/wp-json\/wp\/v2\/pages\/779","targetHints":{"allow":["GET"]}}],"collection":[{"href":"https:\/\/ayurveda-portugal.com\/pt\/wp-json\/wp\/v2\/pages"}],"about":[{"href":"https:\/\/ayurveda-portugal.com\/pt\/wp-json\/wp\/v2\/types\/page"}],"author":[{"embeddable":true,"href":"https:\/\/ayurveda-portugal.com\/pt\/wp-json\/wp\/v2\/users\/1"}],"replies":[{"embeddable":true,"href":"https:\/\/ayurveda-portugal.com\/pt\/wp-json\/wp\/v2\/comments?post=779"}],"version-history":[{"count":27,"href":"https:\/\/ayurveda-portugal.com\/pt\/wp-json\/wp\/v2\/pages\/779\/revisions"}],"predecessor-version":[{"id":2838,"href":"https:\/\/ayurveda-portugal.com\/pt\/wp-json\/wp\/v2\/pages\/779\/revisions\/2838"}],"up":[{"embeddable":true,"href":"https:\/\/ayurveda-portugal.com\/pt\/wp-json\/wp\/v2\/pages\/744"}],"wp:attachment":[{"href":"https:\/\/ayurveda-portugal.com\/pt\/wp-json\/wp\/v2\/media?parent=779"}],"curies":[{"name":"wp","href":"https:\/\/api.w.org\/{rel}","templated":true}]}}